{"id":13981,"date":"2022-02-21T11:35:33","date_gmt":"2022-02-21T10:35:33","guid":{"rendered":"https:\/\/www.d-unas.com\/?page_id=13981"},"modified":"2022-02-22T14:39:51","modified_gmt":"2022-02-22T13:39:51","slug":"politica-de-privacidade","status":"publish","type":"page","link":"https:\/\/www.d-unas.com\/br\/politica-de-privacidade\/","title":{"rendered":"Pol\u00edtica de privacidade"},"content":{"rendered":"<h2><b>PRIVACIDADE &#8211; INFORMA\u00c7\u00d5ES AMPLIADAS<\/b><\/h2>\n<p><span style=\"font-weight: 400;\">A Pol\u00edtica de Privacidade faz parte das Condi\u00e7\u00f5es Gerais que regem este website.<\/span><\/p>\n<p><span style=\"font-weight: 400;\">Quem \u00e9 o respons\u00e1vel pelo tratamento de seus dados?<\/span><\/p>\n<p><span style=\"font-weight: 400;\">Benzaquen 2, S.L. CIF: B92601830<\/span><\/p>\n<p><span style=\"font-weight: 400;\">Endere\u00e7o: Calle Compositor Lehmberg Ruiz 10, Ed. Galaxia, 2\u00ba andar, Local 13, C.P. 29007, M\u00e1laga.<\/span><\/p>\n<p><span style=\"font-weight: 400;\">Telefone: 952283446<\/span><\/p>\n<p><span style=\"font-weight: 400;\">Correio: info@d-unas.com<\/span><\/p>\n<p><span style=\"font-weight: 400;\">Voc\u00ea pode entrar em contato conosco da maneira que desejar.<\/span><\/p>\n<p><span style=\"font-weight: 400;\">Reservamo-nos o direito de modificar ou adaptar esta Pol\u00edtica de Privacidade a qualquer momento. Recomendamos que voc\u00ea o revise e, caso tenha se registrado e acesse sua conta ou perfil, voc\u00ea ser\u00e1 informado das modifica\u00e7\u00f5es.<\/span><\/p>\n<h4><strong>1. Quais dados coletamos sobre voc\u00ea e para qual finalidade?<\/strong><\/h4>\n<p>Nosso site coleta e utiliza alguns dados pessoais seus, de forma a viabilizar a presta\u00e7\u00e3o de servi\u00e7os e aprimorar a experi\u00eancia de uso.<\/p>\n<p><strong>1.1. Dados pessoais fornecidos pelo titular<\/strong><br \/>\nNome;<br \/>\nEndere\u00e7o completo;<br \/>\nEndere\u00e7o de e-mail;<br \/>\nN\u00famero de telefone fixo e telefone celular;<br \/>\nN\u00famero de CPF;<br \/>\nN\u00famero de CNPJ;<br \/>\nRaz\u00e3o social e nome fantasia.<\/p>\n<p><strong>1.2. Dados pessoais coletados automaticamente<\/strong><\/p>\n<p>Endere\u00e7o IP;<br \/>\nLocaliza\u00e7\u00e3o aproximada de acordo com base de dados de endere\u00e7o IP;<br \/>\nArquivo cookie de verifica\u00e7\u00e3o se j\u00e1 foi informado sobre a pol\u00edtica de privacidade da d-unhas;<br \/>\nHist\u00f3rico de acessos anteriores e comportamento do visitante atrav\u00e9s da ferramenta Google Analytics;<br \/>\nHist\u00f3rico de intera\u00e7\u00e3o com redes sociais como Facebook e Instagram atrav\u00e9s de sua plataforma de an\u00fancios Facebook Ads.<\/p>\n<p>&nbsp;<\/p>\n<p><strong>2. Como coletamos os seus dados?<\/strong><br \/>\nNesse sentido, a coleta dos seus dados pessoais ocorre da seguinte forma:<br \/>\nAo acessar o site serverdo.in ou a \u00e1rea do cliente em d-unhas;<br \/>\nAo enviar uma solicita\u00e7\u00e3o de d\u00favida ou or\u00e7amento pelos formul\u00e1rios de contato;<br \/>\nAo efetuar uma liga\u00e7\u00e3o para a empresa;<br \/>\nAo enviar um e-mail para a empresa;<br \/>\nAo realizar o cadastro de cliente na \u00e1rea do cliente em d-unhas;<br \/>\nAo realizar o cadastro de contato na \u00e1rea do cliente em d-unhas.<\/p>\n<p><strong>2.1. Consentimento<\/strong><br \/>\n\u00c9 a partir do seu consentimento que tratamos os seus dados pessoais. O consentimento \u00e9 a manifesta\u00e7\u00e3o livre, informada e inequ\u00edvoca pela qual voc\u00ea autoriza a d-unhas a tratar seus dados.<br \/>\nAssim, em conson\u00e2ncia com a Lei Geral de Prote\u00e7\u00e3o de Dados, seus dados s\u00f3 ser\u00e3o coletados, tratados e armazenados mediante pr\u00e9vio e expresso consentimento.<br \/>\nO seu consentimento ser\u00e1 obtido de forma espec\u00edfica para cada finalidade acima descrita, evidenciando o compromisso de transpar\u00eancia e boa-f\u00e9 da d-unhas para com seus usu\u00e1rios\/clientes, seguindo as regula\u00e7\u00f5es legislativas pertinentes.<br \/>\nAo utilizar os servi\u00e7os da d-unhas e fornecer seus dados pessoais, voc\u00ea est\u00e1 ciente e consentindo com as disposi\u00e7\u00f5es desta Pol\u00edtica de Privacidade, al\u00e9m de conhecer seus direitos e como exerc\u00ea-los.<br \/>\nA qualquer tempo e sem nenhum custo, voc\u00ea poder\u00e1 revogar seu consentimento.<br \/>\n\u00c9 importante destacar que a revoga\u00e7\u00e3o do consentimento para o tratamento dos dados pode implicar a impossibilidade da performance adequada de alguma funcionalidade do site que dependa da opera\u00e7\u00e3o. Tais consequ\u00eancias ser\u00e3o informadas previamente.<\/p>\n<p><strong>3. Quais s\u00e3o os seus direitos?<\/strong><br \/>\nA d-unhas assegura a seus usu\u00e1rios\/clientes seus direitos de titular previstos no artigo 18 da Lei Geral de Prote\u00e7\u00e3o de Dados. Dessa forma, voc\u00ea pode, de maneira gratuita e a qualquer tempo:<br \/>\nConfirmar a exist\u00eancia de tratamento de dados, de maneira simplificada ou em formato claro e completo.<br \/>\nAcessar seus dados, podendo solicit\u00e1-los em uma c\u00f3pia leg\u00edvel sob forma impressa ou por meio eletr\u00f4nico, seguro e id\u00f4neo.<br \/>\nCorrigir seus dados, ao solicitar a edi\u00e7\u00e3o, corre\u00e7\u00e3o ou atualiza\u00e7\u00e3o destes.<br \/>\nLimitar seus dados quando desnecess\u00e1rios, excessivos ou tratados em desconformidade com a legisla\u00e7\u00e3o atrav\u00e9s da anonimiza\u00e7\u00e3o, bloqueio ou elimina\u00e7\u00e3o.<br \/>\nSolicitar a portabilidade de seus dados, atrav\u00e9s de um relat\u00f3rio de dados cadastrais que a (nome empresarial simplificado) trata a seu respeito.<br \/>\nEliminar seus dados tratados a partir de seu consentimento, exceto nos casos previstos em lei.<br \/>\nRevogar seu consentimento, desautorizando o tratamento de seus dados.<br \/>\nInformar-se sobre a possibilidade de n\u00e3o fornecer seu consentimento e sobre as consequ\u00eancias da negativa.<\/p>\n<p><strong>4. Como voc\u00ea pode exercer seus direitos de titular?<\/strong><br \/>\nPara exercer seus direitos de titular, voc\u00ea deve entrar em contato com a d-unhas atrav\u00e9s dos seguintes meios dispon\u00edveis:<br \/>\nE-mail: info@d-unas.com<br \/>\nSite: https:\/\/www.d-unas.com\/br\/<\/p>\n<p><span style=\"font-weight: 400;\">Telefone: 952283446<\/span><br \/>\nDe forma a garantir a sua correta identifica\u00e7\u00e3o como titular dos dados pessoais objeto da solicita\u00e7\u00e3o, \u00e9 poss\u00edvel que solicitemos documentos ou demais comprova\u00e7\u00f5es que possam comprovar sua identidade. Nessa hip\u00f3tese, voc\u00ea ser\u00e1 informado previamente.<\/p>\n<p><strong>5. Como e por quanto tempo seus dados ser\u00e3o armazenados?<\/strong><br \/>\nSeus dados pessoais coletados pela d-unhas ser\u00e3o utilizados e armazenados durante o tempo necess\u00e1rio para a presta\u00e7\u00e3o do servi\u00e7o ou para que as finalidades elencadas na presente Pol\u00edtica de Privacidade sejam atingidas, considerando os direitos dos titulares dos dados e dos controladores.<br \/>\nDe modo geral, seus dados ser\u00e3o mantidos enquanto a rela\u00e7\u00e3o contratual entre voc\u00ea e a d-unhas perdurar. Findado o per\u00edodo de armazenamento dos dados pessoais, estes ser\u00e3o exclu\u00eddos de nossas bases de dados ou anonimizados, ressalvadas as hip\u00f3teses legalmente previstas no artigo 16 lei geral de prote\u00e7\u00e3o de dados, a saber:<br \/>\nI \u2013 cumprimento de obriga\u00e7\u00e3o legal ou regulat\u00f3ria pelo controlador;<br \/>\nII \u2013 estudo por \u00f3rg\u00e3o de pesquisa, garantida, sempre que poss\u00edvel, a anonimiza\u00e7\u00e3o dos dados pessoais;<br \/>\nIII \u2013 transfer\u00eancia a terceiro, desde que respeitados os requisitos de tratamento de dados dispostos nesta Lei; ou<br \/>\nIV \u2013 uso exclusivo do controlador, vedado seu acesso por terceiro, e desde que anonimizados os dados.<br \/>\nIsto \u00e9, informa\u00e7\u00f5es pessoais sobre voc\u00ea que sejam imprescind\u00edveis para o cumprimento de determina\u00e7\u00f5es legais, judiciais e administrativas e\/ou para o exerc\u00edcio do direito de defesa em processos judiciais e administrativos ser\u00e3o mantidas, a despeito da exclus\u00e3o dos demais dados.<br \/>\nO armazenamento de dados coletados pela d-unhas reflete o nosso compromisso com a seguran\u00e7a e privacidade dos seus dados.<br \/>\nEmpregamos medidas e solu\u00e7\u00f5es t\u00e9cnicas de prote\u00e7\u00e3o aptas a garantir a confidencialidade, integridade e inviolabilidade dos seus dados. Al\u00e9m disso, tamb\u00e9m contamos com medidas de seguran\u00e7a apropriadas aos riscos e com controle de acesso \u00e0s informa\u00e7\u00f5es armazenadas.<\/p>\n<p><strong>6. O que fazemos para manter seus dados seguros?<\/strong><br \/>\nPara mantermos suas informa\u00e7\u00f5es pessoais seguras, usamos ferramentas f\u00edsicas, eletr\u00f4nicas e gerenciais orientadas para a prote\u00e7\u00e3o da sua privacidade.<br \/>\nAplicamos essas ferramentas levando em considera\u00e7\u00e3o a natureza dos dados pessoais coletados, o contexto e a finalidade do tratamento e os riscos que eventuais viola\u00e7\u00f5es gerariam para os direitos e liberdades do titular dos dados coletados e tratados.<br \/>\nEntre as medidas que adotamos, destacamos as seguintes:<br \/>\nApenas pessoas autorizadas t\u00eam acesso a seus dados pessoais<br \/>\nO acesso a seus dados pessoais \u00e9 feito somente ap\u00f3s o compromisso de confidencialidade<br \/>\nSeus dados pessoais s\u00e3o armazenados em ambiente seguro e id\u00f4neo.<br \/>\nA d-unhas se compromete a adotar as melhores posturas para evitar incidentes de seguran\u00e7a. Contudo, \u00e9 necess\u00e1rio destacar que nenhuma p\u00e1gina virtual \u00e9 inteiramente segura e livre de riscos. \u00c9 poss\u00edvel que, apesar de todos os nossos protocolos de seguran\u00e7a, problemas de culpa exclusivamente de terceiros ocorram, como ataques cibern\u00e9ticos de hackers, ou tamb\u00e9m em decorr\u00eancia da neglig\u00eancia ou imprud\u00eancia do pr\u00f3prio usu\u00e1rio\/cliente.<br \/>\nEm caso de incidentes de seguran\u00e7a que possa gerar risco ou dano relevante para voc\u00ea ou qualquer um de nossos usu\u00e1rios\/clientes, comunicaremos aos afetados e a Autoridade Nacional de Prote\u00e7\u00e3o de Dados sobre o ocorrido, em conson\u00e2ncia com as disposi\u00e7\u00f5es da Lei Geral de Prote\u00e7\u00e3o de Dados.<\/p>\n<p><strong>7. Com quem seus dados podem ser compartilhados?<\/strong><br \/>\nTendo em vista a preserva\u00e7\u00e3o de sua privacidade, a d-unhas n\u00e3o compartilhar\u00e1 seus dados pessoais com nenhum terceiro n\u00e3o autorizado.<br \/>\nSeus dados poder\u00e3o ser compartilhados diante de situa\u00e7\u00f5es excepcionais, que s\u00e3o:<br \/>\nI \u2013 Determina\u00e7\u00e3o legal, requerimento, requisi\u00e7\u00e3o ou ordem judicial, com autoridades judiciais, administrativas ou governamentais competentes.<br \/>\nII \u2013 Caso de movimenta\u00e7\u00f5es societ\u00e1rias, como fus\u00e3o, aquisi\u00e7\u00e3o e incorpora\u00e7\u00e3o, de forma autom\u00e1tica<br \/>\nIII \u2013 Prote\u00e7\u00e3o dos direitos da (d-unhas) em qualquer tipo de conflito, inclusive os de teor judicial.<\/p>\n<p><strong>7.1. Transfer\u00eancia internacional de dados<\/strong><br \/>\nAlguns dos terceiros com quem compartilhamos seus dados podem ser localizados ou possuir instala\u00e7\u00f5es localizadas em pa\u00edses estrangeiros. Nessas condi\u00e7\u00f5es, de toda forma, seus dados pessoais estar\u00e3o sujeitos \u00e0 Lei Geral de Prote\u00e7\u00e3o de Dados e \u00e0s demais legisla\u00e7\u00f5es brasileiras de prote\u00e7\u00e3o de dados<br \/>\nNesse sentido, a d-unhas se compromete a sempre adotar eficientes padr\u00f5es de seguran\u00e7a cibern\u00e9tica e de prote\u00e7\u00e3o de dados, nos melhores esfor\u00e7os de garantir e cumprir as exig\u00eancias legislativas.<br \/>\nAo concordar com essa Pol\u00edtica de Privacidade, voc\u00ea concorda com esse compartilhamento, que se dar\u00e1 conforme as finalidades descritas no presente instrumento.<\/p>\n","protected":false},"excerpt":{"rendered":"<p>PRIVACIDADE &#8211; INFORMA\u00c7\u00d5ES AMPLIADAS A Pol\u00edtica de Privacidade faz parte das Condi\u00e7\u00f5es Gerais que regem este website. Quem \u00e9 o respons\u00e1vel pelo tratamento de seus dados? Benzaquen 2, S.L. CIF: B92601830 Endere\u00e7o: Calle Compositor Lehmberg [&hellip;]<\/p>\n","protected":false},"author":26,"featured_media":0,"parent":0,"menu_order":0,"comment_status":"closed","ping_status":"closed","template":"","meta":{"content-type":"","footnotes":""},"class_list":["post-13981","page","type-page","status-publish","hentry"],"yoast_head":"<!-- This site is optimized with the Yoast SEO plugin v23.0 - https:\/\/yoast.com\/wordpress\/plugins\/seo\/ -->\n<title>Pol\u00edtica de privacidade - d-u\u00f1as nails &amp; beauty<\/title>\n<meta name=\"robots\" content=\"noindex, nofollow\" \/>\n<meta property=\"og:locale\" content=\"pt_BR\" \/>\n<meta property=\"og:type\" content=\"article\" \/>\n<meta property=\"og:title\" content=\"Pol\u00edtica de privacidade - d-u\u00f1as nails &amp; beauty\" \/>\n<meta property=\"og:description\" content=\"PRIVACIDADE &#8211; INFORMA\u00c7\u00d5ES AMPLIADAS A Pol\u00edtica de Privacidade faz parte das Condi\u00e7\u00f5es Gerais que regem este website. Quem \u00e9 o respons\u00e1vel pelo tratamento de seus dados? Benzaquen 2, S.L. CIF: B92601830 Endere\u00e7o: Calle Compositor Lehmberg [&hellip;]\" \/>\n<meta property=\"og:url\" content=\"https:\/\/www.d-unas.com\/br\/politica-de-privacidade\/\" \/>\n<meta property=\"og:site_name\" content=\"d-u\u00f1as nails &amp; beauty\" \/>\n<meta property=\"article:modified_time\" content=\"2022-02-22T13:39:51+00:00\" \/>\n<meta name=\"twitter:card\" content=\"summary_large_image\" \/>\n<meta name=\"twitter:label1\" content=\"Est. tempo de leitura\" \/>\n\t<meta name=\"twitter:data1\" content=\"6 minutos\" \/>\n<script type=\"application\/ld+json\" class=\"yoast-schema-graph\">{\"@context\":\"https:\/\/schema.org\",\"@graph\":[{\"@type\":\"WebPage\",\"@id\":\"https:\/\/www.d-unas.com\/br\/politica-de-privacidade\/\",\"url\":\"https:\/\/www.d-unas.com\/br\/politica-de-privacidade\/\",\"name\":\"Pol\u00edtica de privacidade - d-u\u00f1as nails &amp; beauty\",\"isPartOf\":{\"@id\":\"https:\/\/www.d-unas.com\/br\/#website\"},\"datePublished\":\"2022-02-21T10:35:33+00:00\",\"dateModified\":\"2022-02-22T13:39:51+00:00\",\"breadcrumb\":{\"@id\":\"https:\/\/www.d-unas.com\/br\/politica-de-privacidade\/#breadcrumb\"},\"inLanguage\":\"pt-BR\",\"potentialAction\":[{\"@type\":\"ReadAction\",\"target\":[\"https:\/\/www.d-unas.com\/br\/politica-de-privacidade\/\"]}]},{\"@type\":\"BreadcrumbList\",\"@id\":\"https:\/\/www.d-unas.com\/br\/politica-de-privacidade\/#breadcrumb\",\"itemListElement\":[{\"@type\":\"ListItem\",\"position\":1,\"name\":\"Portada\",\"item\":\"https:\/\/www.d-unas.com\/br\/\"},{\"@type\":\"ListItem\",\"position\":2,\"name\":\"Pol\u00edtica de privacidade\"}]},{\"@type\":\"WebSite\",\"@id\":\"https:\/\/www.d-unas.com\/br\/#website\",\"url\":\"https:\/\/www.d-unas.com\/br\/\",\"name\":\"d-u\u00f1as nails &amp; beauty\",\"description\":\"La marca original de belleza de manos &amp; pies\",\"publisher\":{\"@id\":\"https:\/\/www.d-unas.com\/br\/#organization\"},\"potentialAction\":[{\"@type\":\"SearchAction\",\"target\":{\"@type\":\"EntryPoint\",\"urlTemplate\":\"https:\/\/www.d-unas.com\/br\/?s={search_term_string}\"},\"query-input\":\"required name=search_term_string\"}],\"inLanguage\":\"pt-BR\"},{\"@type\":\"Organization\",\"@id\":\"https:\/\/www.d-unas.com\/br\/#organization\",\"name\":\"d-u\u00f1as nails & beauty\",\"url\":\"https:\/\/www.d-unas.com\/br\/\",\"logo\":{\"@type\":\"ImageObject\",\"inLanguage\":\"pt-BR\",\"@id\":\"https:\/\/www.d-unas.com\/br\/#\/schema\/logo\/image\/\",\"url\":\"https:\/\/www.d-unas.com\/wp-content\/uploads\/2021\/09\/versiones-logo_3.png\",\"contentUrl\":\"https:\/\/www.d-unas.com\/wp-content\/uploads\/2021\/09\/versiones-logo_3.png\",\"width\":843,\"height\":596,\"caption\":\"d-u\u00f1as nails & beauty\"},\"image\":{\"@id\":\"https:\/\/www.d-unas.com\/br\/#\/schema\/logo\/image\/\"}}]}<\/script>\n<!-- \/ Yoast SEO plugin. -->","yoast_head_json":{"title":"Pol\u00edtica de privacidade - d-u\u00f1as nails &amp; beauty","robots":{"index":"noindex","follow":"nofollow"},"og_locale":"pt_BR","og_type":"article","og_title":"Pol\u00edtica de privacidade - d-u\u00f1as nails &amp; beauty","og_description":"PRIVACIDADE &#8211; INFORMA\u00c7\u00d5ES AMPLIADAS A Pol\u00edtica de Privacidade faz parte das Condi\u00e7\u00f5es Gerais que regem este website. Quem \u00e9 o respons\u00e1vel pelo tratamento de seus dados? Benzaquen 2, S.L. CIF: B92601830 Endere\u00e7o: Calle Compositor Lehmberg [&hellip;]","og_url":"https:\/\/www.d-unas.com\/br\/politica-de-privacidade\/","og_site_name":"d-u\u00f1as nails &amp; beauty","article_modified_time":"2022-02-22T13:39:51+00:00","twitter_card":"summary_large_image","twitter_misc":{"Est. tempo de leitura":"6 minutos"},"schema":{"@context":"https:\/\/schema.org","@graph":[{"@type":"WebPage","@id":"https:\/\/www.d-unas.com\/br\/politica-de-privacidade\/","url":"https:\/\/www.d-unas.com\/br\/politica-de-privacidade\/","name":"Pol\u00edtica de privacidade - d-u\u00f1as nails &amp; beauty","isPartOf":{"@id":"https:\/\/www.d-unas.com\/br\/#website"},"datePublished":"2022-02-21T10:35:33+00:00","dateModified":"2022-02-22T13:39:51+00:00","breadcrumb":{"@id":"https:\/\/www.d-unas.com\/br\/politica-de-privacidade\/#breadcrumb"},"inLanguage":"pt-BR","potentialAction":[{"@type":"ReadAction","target":["https:\/\/www.d-unas.com\/br\/politica-de-privacidade\/"]}]},{"@type":"BreadcrumbList","@id":"https:\/\/www.d-unas.com\/br\/politica-de-privacidade\/#breadcrumb","itemListElement":[{"@type":"ListItem","position":1,"name":"Portada","item":"https:\/\/www.d-unas.com\/br\/"},{"@type":"ListItem","position":2,"name":"Pol\u00edtica de privacidade"}]},{"@type":"WebSite","@id":"https:\/\/www.d-unas.com\/br\/#website","url":"https:\/\/www.d-unas.com\/br\/","name":"d-u\u00f1as nails &amp; beauty","description":"La marca original de belleza de manos &amp; pies","publisher":{"@id":"https:\/\/www.d-unas.com\/br\/#organization"},"potentialAction":[{"@type":"SearchAction","target":{"@type":"EntryPoint","urlTemplate":"https:\/\/www.d-unas.com\/br\/?s={search_term_string}"},"query-input":"required name=search_term_string"}],"inLanguage":"pt-BR"},{"@type":"Organization","@id":"https:\/\/www.d-unas.com\/br\/#organization","name":"d-u\u00f1as nails & beauty","url":"https:\/\/www.d-unas.com\/br\/","logo":{"@type":"ImageObject","inLanguage":"pt-BR","@id":"https:\/\/www.d-unas.com\/br\/#\/schema\/logo\/image\/","url":"https:\/\/www.d-unas.com\/wp-content\/uploads\/2021\/09\/versiones-logo_3.png","contentUrl":"https:\/\/www.d-unas.com\/wp-content\/uploads\/2021\/09\/versiones-logo_3.png","width":843,"height":596,"caption":"d-u\u00f1as nails & beauty"},"image":{"@id":"https:\/\/www.d-unas.com\/br\/#\/schema\/logo\/image\/"}}]}},"_links":{"self":[{"href":"https:\/\/www.d-unas.com\/br\/wp-json\/wp\/v2\/pages\/13981","targetHints":{"allow":["GET"]}}],"collection":[{"href":"https:\/\/www.d-unas.com\/br\/wp-json\/wp\/v2\/pages"}],"about":[{"href":"https:\/\/www.d-unas.com\/br\/wp-json\/wp\/v2\/types\/page"}],"author":[{"embeddable":true,"href":"https:\/\/www.d-unas.com\/br\/wp-json\/wp\/v2\/users\/26"}],"replies":[{"embeddable":true,"href":"https:\/\/www.d-unas.com\/br\/wp-json\/wp\/v2\/comments?post=13981"}],"version-history":[{"count":0,"href":"https:\/\/www.d-unas.com\/br\/wp-json\/wp\/v2\/pages\/13981\/revisions"}],"wp:attachment":[{"href":"https:\/\/www.d-unas.com\/br\/wp-json\/wp\/v2\/media?parent=13981"}],"curies":[{"name":"wp","href":"https:\/\/api.w.org\/{rel}","templated":true}]}}