{"id":8879,"date":"2021-10-21T15:11:57","date_gmt":"2021-10-21T13:11:57","guid":{"rendered":"https:\/\/d-unas.laluna.dev\/?post_type=product&#038;p=8879"},"modified":"2026-02-10T12:59:04","modified_gmt":"2026-02-10T11:59:04","slug":"tarjeta-regalo-digital","status":"publish","type":"product","link":"https:\/\/www.d-unas.com\/cl\/producto\/tarjeta-regalo-digital\/","title":{"rendered":"Tarjeta regalo digital"},"content":{"rendered":"<div class=\"fusion-fullwidth fullwidth-box fusion-builder-row-1 fusion-flex-container nonhundred-percent-fullwidth non-hundred-percent-height-scrolling\" style=\"--link_color: #000000;--awb-border-radius-top-left:0px;--awb-border-radius-top-right:0px;--awb-border-radius-bottom-right:0px;--awb-border-radius-bottom-left:0px;--awb-flex-wrap:wrap;\" ><div class=\"fusion-builder-row fusion-row fusion-flex-align-items-flex-start fusion-flex-content-wrap\" style=\"max-width:1424.8px;margin-left: calc(-4% \/ 2 );margin-right: calc(-4% \/ 2 );\"><div class=\"fusion-layout-column fusion_builder_column fusion-builder-column-0 fusion_builder_column_1_1 1_1 fusion-flex-column\" style=\"--awb-bg-size:cover;--awb-width-large:100%;--awb-margin-top-large:0px;--awb-spacing-right-large:1.92%;--awb-margin-bottom-large:20px;--awb-spacing-left-large:1.92%;--awb-width-medium:100%;--awb-order-medium:0;--awb-spacing-right-medium:1.92%;--awb-spacing-left-medium:1.92%;--awb-width-small:100%;--awb-order-small:0;--awb-spacing-right-small:1.92%;--awb-spacing-left-small:1.92%;\"><div class=\"fusion-column-wrapper fusion-column-has-shadow fusion-flex-justify-content-flex-start fusion-content-layout-column\"><div class=\"accordian fusion-accordian\" style=\"--awb-border-size:1px;--awb-icon-size:16px;--awb-content-font-size:16px;--awb-icon-alignment:left;--awb-hover-color:#f9f9fb;--awb-border-color:#e2e2e2;--awb-background-color:#ffffff;--awb-divider-color:#e7e7e7;--awb-divider-hover-color:#e7e7e7;--awb-icon-color:#000000;--awb-title-color:#ffbf00;--awb-content-color:#434242;--awb-icon-box-color:#000000;--awb-toggle-hover-accent-color:#ffbf00;--awb-title-font-family:&quot;Cero Round Pro Regular&quot;;--awb-title-font-weight:400;--awb-title-font-style:normal;--awb-title-font-size:15px;--awb-title-line-height:1.36;--awb-content-font-family:&quot;Cero Round Pro Regular&quot;;--awb-content-font-style:normal;--awb-content-font-weight:400;\"><div class=\"panel-group fusion-toggle-icon-unboxed\" id=\"accordion-8879-1\"><div class=\"fusion-panel panel-default panel-433afa8df9964b5fe fusion-toggle-no-divider\"><div class=\"panel-heading\"><h4 class=\"panel-title toggle\" id=\"toggle_433afa8df9964b5fe\"><a aria-expanded=\"false\" aria-controls=\"433afa8df9964b5fe\" role=\"button\" data-toggle=\"collapse\" data-parent=\"#accordion-8879-1\" data-target=\"#433afa8df9964b5fe\" href=\"#433afa8df9964b5fe\"><span class=\"fusion-toggle-icon-wrapper\" aria-hidden=\"true\"><i class=\"fa-fusion-box active-icon awb-icon-minus\" aria-hidden=\"true\"><\/i><i class=\"fa-fusion-box inactive-icon awb-icon-plus\" aria-hidden=\"true\"><\/i><\/span><span class=\"fusion-toggle-heading\">Condiciones<\/span><\/a><\/h4><\/div><div id=\"433afa8df9964b5fe\" class=\"panel-collapse collapse \" aria-labelledby=\"toggle_433afa8df9964b5fe\"><div class=\"panel-body toggle-content fusion-clearfix\">\n<ul>\n<li>V\u00e1lido para todo tipo de clientes (nuevos clientes y clientes habituales)<\/li>\n<li>Imprescindible consultar salones no adheridos.<\/li>\n<li>Te llegar\u00e1 a tu email tu Bono de Compra con un N\u00famero de Pedido confirmando tu compra.<\/li>\n<li>Para utilizar la Tarjeta Regalo, es <strong>imprescindible reservar en el sal\u00f3n con un m\u00ednimo de 48 horas antes de acudir a la cita, as\u00ed como comunicarse con el sal\u00f3n para indicar el n\u00famero de pedido del Bono de Compra <\/strong>(Puedes consultar los datos de contacto en el apartado &#8220;Salones&#8221;). De esta manera, el sal\u00f3n podr\u00e1 verificar la compra y confirmar la cita.<\/li>\n<li>La tarjeta regalo digital tiene una vigencia de 6 meses.<\/li>\n<li>El saldo que no utilices se guardar\u00e1 en la tarjeta para futuras compras.<\/li>\n<li>Cuando el total de la compra sea superior al saldo de la Tarjeta Regalo, podr\u00e1s completarlo con cualquier otro m\u00e9todo de pago disponible.<\/li>\n<li>No se aceptar\u00e1 el reembolso de la Tarjeta Regalo as\u00ed como tampoco ser\u00e1 reembolsable por ning\u00fan medio el saldo existente de la Tarjeta Regalo.<\/li>\n<li>d-unas no se har\u00e1 responsable en caso de p\u00e9rdida, robo o deterioro.<\/li>\n<li>Las promociones y descuentos no son aplicables a las tarjetas de regalo.<\/li>\n<\/ul>\n<\/div><\/div><\/div><\/div><\/div><\/div><\/div><\/div><\/div>\n","protected":false},"excerpt":{"rendered":"<p>Si no te decides entre cu\u00e1l de todos nuestros servicios regalar&#8230; \u00a1este es el regalo perfecto!<\/p>\n<ul>\n<li>Compra la tarjeta regalo en d-unas.com<\/li>\n<li>Selecciona el importe entre 20\u20ac y 500\u20ac<\/li>\n<li>La Tarjeta Regalo se env\u00eda por correo electr\u00f3nico a la persona que nos indiques.<\/li>\n<\/ul>\n","protected":false},"featured_media":23778,"comment_status":"open","ping_status":"closed","template":"","meta":{"content-type":""},"product_cat":[132],"product_tag":[],"class_list":{"0":"post-8879","1":"product","2":"type-product","3":"status-publish","4":"has-post-thumbnail","6":"product_cat-productos","8":"first","9":"instock","10":"taxable","11":"shipping-taxable","12":"purchasable","13":"product-type-pw-gift-card"},"yoast_head":"<!-- This site is optimized with the Yoast SEO plugin v23.0 - https:\/\/yoast.com\/wordpress\/plugins\/seo\/ -->\n<title>Tarjeta Regalo d-u\u00f1as - Regala Belleza \u00a1El regalo perfecto!<\/title>\n<meta name=\"description\" content=\"C\u00f3mprala y la Tarjeta Regalo se env\u00eda por email a la persona que nos indiques para que disfrute de sus servicios d-u\u00f1as preferidos.\" \/>\n<meta name=\"robots\" content=\"index, follow, max-snippet:-1, max-image-preview:large, max-video-preview:-1\" \/>\n<link rel=\"canonical\" href=\"https:\/\/www.d-unas.com\/cl\/producto\/tarjeta-regalo-digital\/\" \/>\n<meta property=\"og:locale\" content=\"es_ES\" \/>\n<meta property=\"og:type\" content=\"article\" \/>\n<meta property=\"og:title\" content=\"Tarjeta Regalo d-u\u00f1as - Regala Belleza \u00a1El regalo perfecto!\" \/>\n<meta property=\"og:description\" content=\"C\u00f3mprala y la Tarjeta Regalo se env\u00eda por email a la persona que nos indiques para que disfrute de sus servicios d-u\u00f1as preferidos.\" \/>\n<meta property=\"og:url\" content=\"https:\/\/www.d-unas.com\/cl\/producto\/tarjeta-regalo-digital\/\" \/>\n<meta property=\"og:site_name\" content=\"d-u\u00f1as nails &amp; beauty\" \/>\n<meta property=\"article:modified_time\" content=\"2026-02-10T11:59:04+00:00\" \/>\n<meta property=\"og:image\" content=\"https:\/\/www.d-unas.com\/wp-content\/uploads\/2021\/10\/WhatsApp-Image-2025-11-28-at-13.55.16.jpeg\" \/>\n\t<meta property=\"og:image:width\" content=\"900\" \/>\n\t<meta property=\"og:image:height\" content=\"721\" \/>\n\t<meta property=\"og:image:type\" content=\"image\/jpeg\" \/>\n<meta name=\"twitter:card\" content=\"summary_large_image\" \/>\n<meta name=\"twitter:label1\" content=\"Tiempo estimado de lectura\" \/>\n\t<meta name=\"twitter:data1\" content=\"2 minutos\" \/>\n<script type=\"application\/ld+json\" class=\"yoast-schema-graph\">{\"@context\":\"https:\/\/schema.org\",\"@graph\":[{\"@type\":\"WebPage\",\"@id\":\"https:\/\/www.d-unas.com\/cl\/producto\/tarjeta-regalo-digital\/\",\"url\":\"https:\/\/www.d-unas.com\/cl\/producto\/tarjeta-regalo-digital\/\",\"name\":\"Tarjeta Regalo d-u\u00f1as - Regala Belleza \u00a1El regalo perfecto!\",\"isPartOf\":{\"@id\":\"https:\/\/www.d-unas.com\/cl\/#website\"},\"primaryImageOfPage\":{\"@id\":\"https:\/\/www.d-unas.com\/cl\/producto\/tarjeta-regalo-digital\/#primaryimage\"},\"image\":{\"@id\":\"https:\/\/www.d-unas.com\/cl\/producto\/tarjeta-regalo-digital\/#primaryimage\"},\"thumbnailUrl\":\"https:\/\/www.d-unas.com\/wp-content\/uploads\/2021\/10\/WhatsApp-Image-2025-11-28-at-13.55.16.jpeg\",\"datePublished\":\"2021-10-21T13:11:57+00:00\",\"dateModified\":\"2026-02-10T11:59:04+00:00\",\"description\":\"C\u00f3mprala y la Tarjeta Regalo se env\u00eda por email a la persona que nos indiques para que disfrute de sus servicios d-u\u00f1as preferidos.\",\"breadcrumb\":{\"@id\":\"https:\/\/www.d-unas.com\/cl\/producto\/tarjeta-regalo-digital\/#breadcrumb\"},\"inLanguage\":\"es-CL\",\"potentialAction\":[{\"@type\":\"ReadAction\",\"target\":[\"https:\/\/www.d-unas.com\/cl\/producto\/tarjeta-regalo-digital\/\"]}]},{\"@type\":\"ImageObject\",\"inLanguage\":\"es-CL\",\"@id\":\"https:\/\/www.d-unas.com\/cl\/producto\/tarjeta-regalo-digital\/#primaryimage\",\"url\":\"https:\/\/www.d-unas.com\/wp-content\/uploads\/2021\/10\/WhatsApp-Image-2025-11-28-at-13.55.16.jpeg\",\"contentUrl\":\"https:\/\/www.d-unas.com\/wp-content\/uploads\/2021\/10\/WhatsApp-Image-2025-11-28-at-13.55.16.jpeg\",\"width\":900,\"height\":721},{\"@type\":\"BreadcrumbList\",\"@id\":\"https:\/\/www.d-unas.com\/cl\/producto\/tarjeta-regalo-digital\/#breadcrumb\",\"itemListElement\":[{\"@type\":\"ListItem\",\"position\":1,\"name\":\"Portada\",\"item\":\"https:\/\/www.d-unas.com\/cl\/\"},{\"@type\":\"ListItem\",\"position\":2,\"name\":\"Tienda online\",\"item\":\"https:\/\/www.d-unas.com\/tienda-online-manicura\/\"},{\"@type\":\"ListItem\",\"position\":3,\"name\":\"Tarjeta regalo digital\"}]},{\"@type\":\"WebSite\",\"@id\":\"https:\/\/www.d-unas.com\/cl\/#website\",\"url\":\"https:\/\/www.d-unas.com\/cl\/\",\"name\":\"d-u\u00f1as nails &amp; beauty\",\"description\":\"La marca original de belleza de manos &amp; pies\",\"publisher\":{\"@id\":\"https:\/\/www.d-unas.com\/cl\/#organization\"},\"potentialAction\":[{\"@type\":\"SearchAction\",\"target\":{\"@type\":\"EntryPoint\",\"urlTemplate\":\"https:\/\/www.d-unas.com\/cl\/?s={search_term_string}\"},\"query-input\":\"required name=search_term_string\"}],\"inLanguage\":\"es-CL\"},{\"@type\":\"Organization\",\"@id\":\"https:\/\/www.d-unas.com\/cl\/#organization\",\"name\":\"d-u\u00f1as nails & beauty\",\"url\":\"https:\/\/www.d-unas.com\/cl\/\",\"logo\":{\"@type\":\"ImageObject\",\"inLanguage\":\"es-CL\",\"@id\":\"https:\/\/www.d-unas.com\/cl\/#\/schema\/logo\/image\/\",\"url\":\"https:\/\/www.d-unas.com\/wp-content\/uploads\/2021\/09\/versiones-logo_3.png\",\"contentUrl\":\"https:\/\/www.d-unas.com\/wp-content\/uploads\/2021\/09\/versiones-logo_3.png\",\"width\":843,\"height\":596,\"caption\":\"d-u\u00f1as nails & beauty\"},\"image\":{\"@id\":\"https:\/\/www.d-unas.com\/cl\/#\/schema\/logo\/image\/\"}}]}<\/script>\n<!-- \/ Yoast SEO plugin. -->","yoast_head_json":{"title":"Tarjeta Regalo d-u\u00f1as - Regala Belleza \u00a1El regalo perfecto!","description":"C\u00f3mprala y la Tarjeta Regalo se env\u00eda por email a la persona que nos indiques para que disfrute de sus servicios d-u\u00f1as preferidos.","robots":{"index":"index","follow":"follow","max-snippet":"max-snippet:-1","max-image-preview":"max-image-preview:large","max-video-preview":"max-video-preview:-1"},"canonical":"https:\/\/www.d-unas.com\/cl\/producto\/tarjeta-regalo-digital\/","og_locale":"es_ES","og_type":"article","og_title":"Tarjeta Regalo d-u\u00f1as - Regala Belleza \u00a1El regalo perfecto!","og_description":"C\u00f3mprala y la Tarjeta Regalo se env\u00eda por email a la persona que nos indiques para que disfrute de sus servicios d-u\u00f1as preferidos.","og_url":"https:\/\/www.d-unas.com\/cl\/producto\/tarjeta-regalo-digital\/","og_site_name":"d-u\u00f1as nails &amp; beauty","article_modified_time":"2026-02-10T11:59:04+00:00","og_image":[{"width":900,"height":721,"url":"https:\/\/www.d-unas.com\/wp-content\/uploads\/2021\/10\/WhatsApp-Image-2025-11-28-at-13.55.16.jpeg","type":"image\/jpeg"}],"twitter_card":"summary_large_image","twitter_misc":{"Tiempo estimado de lectura":"2 minutos"},"schema":{"@context":"https:\/\/schema.org","@graph":[{"@type":"WebPage","@id":"https:\/\/www.d-unas.com\/cl\/producto\/tarjeta-regalo-digital\/","url":"https:\/\/www.d-unas.com\/cl\/producto\/tarjeta-regalo-digital\/","name":"Tarjeta Regalo d-u\u00f1as - Regala Belleza \u00a1El regalo perfecto!","isPartOf":{"@id":"https:\/\/www.d-unas.com\/cl\/#website"},"primaryImageOfPage":{"@id":"https:\/\/www.d-unas.com\/cl\/producto\/tarjeta-regalo-digital\/#primaryimage"},"image":{"@id":"https:\/\/www.d-unas.com\/cl\/producto\/tarjeta-regalo-digital\/#primaryimage"},"thumbnailUrl":"https:\/\/www.d-unas.com\/wp-content\/uploads\/2021\/10\/WhatsApp-Image-2025-11-28-at-13.55.16.jpeg","datePublished":"2021-10-21T13:11:57+00:00","dateModified":"2026-02-10T11:59:04+00:00","description":"C\u00f3mprala y la Tarjeta Regalo se env\u00eda por email a la persona que nos indiques para que disfrute de sus servicios d-u\u00f1as preferidos.","breadcrumb":{"@id":"https:\/\/www.d-unas.com\/cl\/producto\/tarjeta-regalo-digital\/#breadcrumb"},"inLanguage":"es-CL","potentialAction":[{"@type":"ReadAction","target":["https:\/\/www.d-unas.com\/cl\/producto\/tarjeta-regalo-digital\/"]}]},{"@type":"ImageObject","inLanguage":"es-CL","@id":"https:\/\/www.d-unas.com\/cl\/producto\/tarjeta-regalo-digital\/#primaryimage","url":"https:\/\/www.d-unas.com\/wp-content\/uploads\/2021\/10\/WhatsApp-Image-2025-11-28-at-13.55.16.jpeg","contentUrl":"https:\/\/www.d-unas.com\/wp-content\/uploads\/2021\/10\/WhatsApp-Image-2025-11-28-at-13.55.16.jpeg","width":900,"height":721},{"@type":"BreadcrumbList","@id":"https:\/\/www.d-unas.com\/cl\/producto\/tarjeta-regalo-digital\/#breadcrumb","itemListElement":[{"@type":"ListItem","position":1,"name":"Portada","item":"https:\/\/www.d-unas.com\/cl\/"},{"@type":"ListItem","position":2,"name":"Tienda online","item":"https:\/\/www.d-unas.com\/tienda-online-manicura\/"},{"@type":"ListItem","position":3,"name":"Tarjeta regalo digital"}]},{"@type":"WebSite","@id":"https:\/\/www.d-unas.com\/cl\/#website","url":"https:\/\/www.d-unas.com\/cl\/","name":"d-u\u00f1as nails &amp; beauty","description":"La marca original de belleza de manos &amp; pies","publisher":{"@id":"https:\/\/www.d-unas.com\/cl\/#organization"},"potentialAction":[{"@type":"SearchAction","target":{"@type":"EntryPoint","urlTemplate":"https:\/\/www.d-unas.com\/cl\/?s={search_term_string}"},"query-input":"required name=search_term_string"}],"inLanguage":"es-CL"},{"@type":"Organization","@id":"https:\/\/www.d-unas.com\/cl\/#organization","name":"d-u\u00f1as nails & beauty","url":"https:\/\/www.d-unas.com\/cl\/","logo":{"@type":"ImageObject","inLanguage":"es-CL","@id":"https:\/\/www.d-unas.com\/cl\/#\/schema\/logo\/image\/","url":"https:\/\/www.d-unas.com\/wp-content\/uploads\/2021\/09\/versiones-logo_3.png","contentUrl":"https:\/\/www.d-unas.com\/wp-content\/uploads\/2021\/09\/versiones-logo_3.png","width":843,"height":596,"caption":"d-u\u00f1as nails & beauty"},"image":{"@id":"https:\/\/www.d-unas.com\/cl\/#\/schema\/logo\/image\/"}}]}},"_links":{"self":[{"href":"https:\/\/www.d-unas.com\/cl\/wp-json\/wp\/v2\/product\/8879","targetHints":{"allow":["GET"]}}],"collection":[{"href":"https:\/\/www.d-unas.com\/cl\/wp-json\/wp\/v2\/product"}],"about":[{"href":"https:\/\/www.d-unas.com\/cl\/wp-json\/wp\/v2\/types\/product"}],"replies":[{"embeddable":true,"href":"https:\/\/www.d-unas.com\/cl\/wp-json\/wp\/v2\/comments?post=8879"}],"wp:featuredmedia":[{"embeddable":true,"href":"https:\/\/www.d-unas.com\/cl\/wp-json\/wp\/v2\/media\/23778"}],"wp:attachment":[{"href":"https:\/\/www.d-unas.com\/cl\/wp-json\/wp\/v2\/media?parent=8879"}],"wp:term":[{"taxonomy":"product_cat","embeddable":true,"href":"https:\/\/www.d-unas.com\/cl\/wp-json\/wp\/v2\/product_cat?post=8879"},{"taxonomy":"product_tag","embeddable":true,"href":"https:\/\/www.d-unas.com\/cl\/wp-json\/wp\/v2\/product_tag?post=8879"}],"curies":[{"name":"wp","href":"https:\/\/api.w.org\/{rel}","templated":true}]}}