{"id":12300,"date":"2022-02-09T11:20:32","date_gmt":"2022-02-09T10:20:32","guid":{"rendered":"https:\/\/www.d-unas.com\/?post_type=product&#038;p=12300"},"modified":"2026-01-27T18:47:21","modified_gmt":"2026-01-27T17:47:21","slug":"master-integral-de-unas","status":"publish","type":"product","link":"https:\/\/www.d-unas.com\/en\/producto\/master-integral-de-unas\/","title":{"rendered":"M\u00c1STER INTEGRAL DE U\u00d1AS"},"content":{"rendered":"<div class=\"fusion-fullwidth fullwidth-box fusion-builder-row-1 fusion-flex-container nonhundred-percent-fullwidth non-hundred-percent-height-scrolling\" style=\"--awb-border-radius-top-left:0px;--awb-border-radius-top-right:0px;--awb-border-radius-bottom-right:0px;--awb-border-radius-bottom-left:0px;--awb-margin-top:2%;--awb-flex-wrap:wrap;\" ><div class=\"fusion-builder-row fusion-row fusion-flex-align-items-flex-start fusion-flex-content-wrap\" style=\"max-width:1424.8px;margin-left: calc(-4% \/ 2 );margin-right: calc(-4% \/ 2 );\"><div class=\"fusion-layout-column fusion_builder_column fusion-builder-column-0 fusion_builder_column_1_1 1_1 fusion-flex-column\" style=\"--awb-bg-size:cover;--awb-width-large:100%;--awb-margin-top-large:0px;--awb-spacing-right-large:1.92%;--awb-margin-bottom-large:0px;--awb-spacing-left-large:1.92%;--awb-width-medium:100%;--awb-spacing-right-medium:1.92%;--awb-spacing-left-medium:1.92%;--awb-width-small:100%;--awb-spacing-right-small:1.92%;--awb-spacing-left-small:1.92%;\"><div class=\"fusion-column-wrapper fusion-flex-justify-content-flex-start fusion-content-layout-column\"><div class=\"accordian fusion-accordian\" style=\"--awb-border-size:1px;--awb-icon-size:16px;--awb-content-font-size:16px;--awb-icon-alignment:left;--awb-hover-color:#f9f9fb;--awb-border-color:#e2e2e2;--awb-background-color:#ffffff;--awb-divider-color:#e7e7e7;--awb-divider-hover-color:#e7e7e7;--awb-icon-color:#ffffff;--awb-title-color:#ffbf00;--awb-content-color:#434242;--awb-icon-box-color:#343835;--awb-toggle-hover-accent-color:#ffbf00;--awb-title-font-family:&quot;Cero Round Pro Regular&quot;;--awb-title-font-weight:400;--awb-title-font-style:normal;--awb-title-font-size:15px;--awb-title-line-height:1.36;--awb-content-font-family:&quot;Cero Round Pro Regular&quot;;--awb-content-font-style:normal;--awb-content-font-weight:400;\"><div class=\"panel-group fusion-toggle-icon-boxed\" id=\"accordion-12300-1\"><div class=\"fusion-panel panel-default panel-239935ce97f764294 fusion-toggle-has-divider\" style=\"--awb-title-color:#ffbf00;\"><div class=\"panel-heading\"><h4 class=\"panel-title toggle\" id=\"toggle_239935ce97f764294\"><a aria-expanded=\"false\" aria-controls=\"239935ce97f764294\" role=\"button\" data-toggle=\"collapse\" data-target=\"#239935ce97f764294\" href=\"#239935ce97f764294\"><span class=\"fusion-toggle-icon-wrapper\" aria-hidden=\"true\"><i class=\"fa-fusion-box active-icon awb-icon-minus\" aria-hidden=\"true\"><\/i><i class=\"fa-fusion-box inactive-icon awb-icon-plus\" aria-hidden=\"true\"><\/i><\/span><span class=\"fusion-toggle-heading\">M\u00f3dulos que componen el m\u00e1ster<\/span><\/a><\/h4><\/div><div id=\"239935ce97f764294\" class=\"panel-collapse collapse \" aria-labelledby=\"toggle_239935ce97f764294\"><div class=\"panel-body toggle-content fusion-clearfix\">\n<h3>MODULO 1 \u2013 FUNDAMENTOS T\u00c9CNICOS<\/h3>\n<ul data-start=\"1920\" data-end=\"2117\">\n<li>Anatom\u00eda de la u\u00f1a y partes de la u\u00f1a<\/li>\n<li>Tipos de u\u00f1as naturales y sus caracter\u00edsticas<\/li>\n<li>Presentaci\u00f3n y uso adecuado de productos<\/li>\n<li>Manejo de herramientas y seguridad<\/li>\n<li>T\u00e9rminos t\u00e9cnicos<\/li>\n<\/ul>\n<h3>MODULO 2 \u2013 MANICURA Y NIVELACI\u00d3N<\/h3>\n<p><strong>Duraci\u00f3n:<\/strong>\u00a02 d\u00edas<\/p>\n<ul data-start=\"2191\" data-end=\"2297\">\n<li>Manicura combinada y rusa<\/li>\n<li>Manicura express<\/li>\n<li>Aplicaci\u00f3n correcta del semipermanente + nivelaci\u00f3n<\/li>\n<\/ul>\n<h3>MODULO 3 \u2013 SOFT GEL PROFESIONAL<\/h3>\n<p><strong>Duraci\u00f3n:<\/strong>\u00a01 d\u00eda<\/p>\n<ul data-start=\"2369\" data-end=\"2491\">\n<li>Aplicaci\u00f3n y retirado de tips Soft Gel<\/li>\n<li>Encapsulados y efectos<\/li>\n<li>Tipos de tips y adaptabilidad<\/li>\n<li>Soft reforzado<\/li>\n<\/ul>\n<h3>MODULO 4 \u2013 PERFECCIONAMIENTO ACR\u00cdLICO<\/h3>\n<p><strong>Duraci\u00f3n:<\/strong>\u00a02 d\u00edas<\/p>\n<ul data-start=\"2570\" data-end=\"2699\">\n<li>Puntas m\u00e1s vendidas<\/li>\n<li>T\u00e9cnica Full Cover (cuadrada, coffin, almond)<\/li>\n<li>T\u00e9cnica de limado<\/li>\n<li>Geometr\u00eda aplicada a las u\u00f1as<\/li>\n<\/ul>\n<h3>MODULO 5 \u2013 POLYGEL COMERCIAL<\/h3>\n<p><strong>Duraci\u00f3n:<\/strong>\u00a02 d\u00edas<\/p>\n<ul data-start=\"2769\" data-end=\"2868\">\n<li>Polygel en estructuras comerciales<\/li>\n<li>Recubrimiento en Polygel<\/li>\n<li>Dual 360\u00b0<\/li>\n<li>Plastic Forms<\/li>\n<\/ul>\n<h3>MODULO 6 \u2013 BUILDER GEL<\/h3>\n<p><strong>Duraci\u00f3n:<\/strong>\u00a02 d\u00edas<\/p>\n<ul data-start=\"2932\" data-end=\"3017\">\n<li>Estructuras comerciales<\/li>\n<li>Recubrimiento y mantenimiento<\/li>\n<li>Aplicaci\u00f3n con Dual<\/li>\n<\/ul>\n<h3>MODULO 7 \u2013 PEDICURA PROFESIONAL<\/h3>\n<p><strong>Duraci\u00f3n:<\/strong>\u00a01 d\u00eda<\/p>\n<ul data-start=\"3089\" data-end=\"3164\">\n<li>Estructuras comerciales<\/li>\n<li>Pedicura completa<\/li>\n<li>Manejo del micromotor<\/li>\n<\/ul>\n<h3>NIVEL 8 \u2013 PROYECCI\u00d3N PROFESIONAL<\/h3>\n<ul data-start=\"3243\" data-end=\"3299\">\n<li>Fotograf\u00eda para u\u00f1as<\/li>\n<li>Marketing y posicionamiento<\/li>\n<\/ul>\n<\/div><\/div><\/div><div class=\"fusion-panel panel-default panel-d825a0b2b0f010664 fusion-toggle-has-divider\"><div class=\"panel-heading\"><h4 class=\"panel-title toggle\" id=\"toggle_d825a0b2b0f010664\"><a aria-expanded=\"false\" aria-controls=\"d825a0b2b0f010664\" role=\"button\" data-toggle=\"collapse\" data-target=\"#d825a0b2b0f010664\" href=\"#d825a0b2b0f010664\"><span class=\"fusion-toggle-icon-wrapper\" aria-hidden=\"true\"><i class=\"fa-fusion-box active-icon awb-icon-minus\" aria-hidden=\"true\"><\/i><i class=\"fa-fusion-box inactive-icon awb-icon-plus\" aria-hidden=\"true\"><\/i><\/span><span class=\"fusion-toggle-heading\">Contenido<\/span><\/a><\/h4><\/div><div id=\"d825a0b2b0f010664\" class=\"panel-collapse collapse \" aria-labelledby=\"toggle_d825a0b2b0f010664\"><div class=\"panel-body toggle-content fusion-clearfix\">\n<p><strong>Duraci\u00f3n:<\/strong> 10 d\u00edas de formaci\u00f3n (martes y mi\u00e9rcoles, adaptable a la agenda de cada alumna)<\/p>\n<p><strong>Fechas: Del 24\/02\/26 al 18\/03\/26<\/strong><\/p>\n<h2>OPCI\u00d3N DE M\u00d3DULOS SUELTOS<\/h2>\n<p>Las alumnas pueden realizar m\u00f3dulos individuales.<br \/>\nA partir del <strong>segundo m\u00f3dulo<\/strong>, todos los siguientes tienen un <strong>10% de descuento<\/strong>.<\/p>\n<p>Contacta con nosotros para obtener m\u00e1s informaci\u00f3n\u00a0 del curso:<\/p>\n<ul>\n<li>Email: <a href=\"mailto:d-unasacademy@d-unas.com\">areaformativa@d-unas.com<\/a><\/li>\n<\/ul>\n<\/div><\/div><\/div><div class=\"fusion-panel panel-default panel-e713cda88e2f3464a fusion-toggle-has-divider\"><div class=\"panel-heading\"><h4 class=\"panel-title toggle\" id=\"toggle_e713cda88e2f3464a\"><a aria-expanded=\"false\" aria-controls=\"e713cda88e2f3464a\" role=\"button\" data-toggle=\"collapse\" data-target=\"#e713cda88e2f3464a\" href=\"#e713cda88e2f3464a\"><span class=\"fusion-toggle-icon-wrapper\" aria-hidden=\"true\"><i class=\"fa-fusion-box active-icon awb-icon-minus\" aria-hidden=\"true\"><\/i><i class=\"fa-fusion-box inactive-icon awb-icon-plus\" aria-hidden=\"true\"><\/i><\/span><span class=\"fusion-toggle-heading\">Materiales<\/span><\/a><\/h4><\/div><div id=\"e713cda88e2f3464a\" class=\"panel-collapse collapse \" aria-labelledby=\"toggle_e713cda88e2f3464a\"><div class=\"panel-body toggle-content fusion-clearfix\">\n<p>Kit regalo, gu\u00eda te\u00f3rica, material de pr\u00e1ctica, refrigerios, celebraci\u00f3n, certificado d-u\u00f1as, posibilidades de homologaci\u00f3n de certificado oficial<\/p>\n<\/div><\/div><\/div><\/div><\/div><\/div><\/div><\/div><\/div>\n","protected":false},"excerpt":{"rendered":"<p>El M\u00e1ster est\u00e1 dise\u00f1ado para manicuristas que desean alcanzar un nivel superior y dominar las t\u00e9cnicas m\u00e1s actuales del mercado. La formaci\u00f3n es intensiva, estructurada y totalmente pr\u00e1ctica. Las alumnas desarrollar\u00e1n habilidades de alto nivel en sistemas de u\u00f1as, estructura ungueal, maniobras de precisi\u00f3n y atenci\u00f3n profesional al cliente.<\/p>\n<p>Al finalizar, obtienen acceso directo a nuestra <strong>bolsa de empleo<\/strong>, con posibilidad de incorporarse a cualquiera de nuestros <strong>200 centros d-u\u00f1as en el mundo<\/strong>.<\/p>\n","protected":false},"featured_media":23795,"comment_status":"closed","ping_status":"closed","template":"","meta":{"content-type":""},"product_cat":[466],"product_tag":[],"class_list":{"0":"post-12300","1":"product","2":"type-product","3":"status-publish","4":"has-post-thumbnail","6":"product_cat-cursos","8":"first","9":"instock","10":"sale","11":"taxable","12":"shipping-taxable","13":"purchasable","14":"product-type-simple"},"yoast_head":"<!-- This site is optimized with the Yoast SEO plugin v23.0 - https:\/\/yoast.com\/wordpress\/plugins\/seo\/ -->\n<title>M\u00c1STER INTEGRAL DE U\u00d1AS - d-u\u00f1as nails &amp; beauty<\/title>\n<meta name=\"description\" content=\"En este curso de t\u00e9cnico manicurista te formaremos sobre todas las t\u00e9cnicas m\u00e1s novedosas de u\u00f1as, esculpidos y nail art: manicuras, esmaltados, gel, acr\u00edlico, acrygel, todo tipo de nail art y efectos, decoraciones y dise\u00f1os avanzados.\" \/>\n<meta name=\"robots\" content=\"index, follow, max-snippet:-1, max-image-preview:large, max-video-preview:-1\" \/>\n<link rel=\"canonical\" href=\"https:\/\/www.d-unas.com\/en\/producto\/master-integral-de-unas\/\" \/>\n<meta property=\"og:locale\" content=\"en_US\" \/>\n<meta property=\"og:type\" content=\"article\" \/>\n<meta property=\"og:title\" content=\"M\u00c1STER INTEGRAL DE U\u00d1AS - d-u\u00f1as nails &amp; beauty\" \/>\n<meta property=\"og:description\" content=\"En este curso de t\u00e9cnico manicurista te formaremos sobre todas las t\u00e9cnicas m\u00e1s novedosas de u\u00f1as, esculpidos y nail art: manicuras, esmaltados, gel, acr\u00edlico, acrygel, todo tipo de nail art y efectos, decoraciones y dise\u00f1os avanzados.\" \/>\n<meta property=\"og:url\" content=\"https:\/\/www.d-unas.com\/en\/producto\/master-integral-de-unas\/\" \/>\n<meta property=\"og:site_name\" content=\"d-u\u00f1as nails &amp; beauty\" \/>\n<meta property=\"article:modified_time\" content=\"2026-01-27T17:47:21+00:00\" \/>\n<meta property=\"og:image\" content=\"https:\/\/www.d-unas.com\/wp-content\/uploads\/2022\/02\/IMG_9366-scaled.jpg\" \/>\n\t<meta property=\"og:image:width\" content=\"1920\" \/>\n\t<meta property=\"og:image:height\" content=\"2560\" \/>\n\t<meta property=\"og:image:type\" content=\"image\/jpeg\" \/>\n<meta name=\"twitter:card\" content=\"summary_large_image\" \/>\n<meta name=\"twitter:label1\" content=\"Est. reading time\" \/>\n\t<meta name=\"twitter:data1\" content=\"1 minute\" \/>\n<script type=\"application\/ld+json\" class=\"yoast-schema-graph\">{\"@context\":\"https:\/\/schema.org\",\"@graph\":[{\"@type\":\"WebPage\",\"@id\":\"https:\/\/www.d-unas.com\/en\/producto\/master-integral-de-unas\/\",\"url\":\"https:\/\/www.d-unas.com\/en\/producto\/master-integral-de-unas\/\",\"name\":\"M\u00c1STER INTEGRAL DE U\u00d1AS - d-u\u00f1as nails &amp; beauty\",\"isPartOf\":{\"@id\":\"https:\/\/www.d-unas.com\/en\/#website\"},\"primaryImageOfPage\":{\"@id\":\"https:\/\/www.d-unas.com\/en\/producto\/master-integral-de-unas\/#primaryimage\"},\"image\":{\"@id\":\"https:\/\/www.d-unas.com\/en\/producto\/master-integral-de-unas\/#primaryimage\"},\"thumbnailUrl\":\"https:\/\/www.d-unas.com\/wp-content\/uploads\/2022\/02\/IMG_9366-scaled.jpg\",\"datePublished\":\"2022-02-09T10:20:32+00:00\",\"dateModified\":\"2026-01-27T17:47:21+00:00\",\"description\":\"En este curso de t\u00e9cnico manicurista te formaremos sobre todas las t\u00e9cnicas m\u00e1s novedosas de u\u00f1as, esculpidos y nail art: manicuras, esmaltados, gel, acr\u00edlico, acrygel, todo tipo de nail art y efectos, decoraciones y dise\u00f1os avanzados.\",\"breadcrumb\":{\"@id\":\"https:\/\/www.d-unas.com\/en\/producto\/master-integral-de-unas\/#breadcrumb\"},\"inLanguage\":\"en-US\",\"potentialAction\":[{\"@type\":\"ReadAction\",\"target\":[\"https:\/\/www.d-unas.com\/en\/producto\/master-integral-de-unas\/\"]}]},{\"@type\":\"ImageObject\",\"inLanguage\":\"en-US\",\"@id\":\"https:\/\/www.d-unas.com\/en\/producto\/master-integral-de-unas\/#primaryimage\",\"url\":\"https:\/\/www.d-unas.com\/wp-content\/uploads\/2022\/02\/IMG_9366-scaled.jpg\",\"contentUrl\":\"https:\/\/www.d-unas.com\/wp-content\/uploads\/2022\/02\/IMG_9366-scaled.jpg\",\"width\":1920,\"height\":2560},{\"@type\":\"BreadcrumbList\",\"@id\":\"https:\/\/www.d-unas.com\/en\/producto\/master-integral-de-unas\/#breadcrumb\",\"itemListElement\":[{\"@type\":\"ListItem\",\"position\":1,\"name\":\"Portada\",\"item\":\"https:\/\/www.d-unas.com\/en\/\"},{\"@type\":\"ListItem\",\"position\":2,\"name\":\"Shop\",\"item\":\"https:\/\/www.d-unas.com\/tienda-online-manicura\/\"},{\"@type\":\"ListItem\",\"position\":3,\"name\":\"M\u00c1STER INTEGRAL DE U\u00d1AS\"}]},{\"@type\":\"WebSite\",\"@id\":\"https:\/\/www.d-unas.com\/en\/#website\",\"url\":\"https:\/\/www.d-unas.com\/en\/\",\"name\":\"d-u\u00f1as nails &amp; beauty\",\"description\":\"La marca original de belleza de manos &amp; pies\",\"publisher\":{\"@id\":\"https:\/\/www.d-unas.com\/en\/#organization\"},\"potentialAction\":[{\"@type\":\"SearchAction\",\"target\":{\"@type\":\"EntryPoint\",\"urlTemplate\":\"https:\/\/www.d-unas.com\/en\/?s={search_term_string}\"},\"query-input\":\"required name=search_term_string\"}],\"inLanguage\":\"en-US\"},{\"@type\":\"Organization\",\"@id\":\"https:\/\/www.d-unas.com\/en\/#organization\",\"name\":\"d-u\u00f1as nails & beauty\",\"url\":\"https:\/\/www.d-unas.com\/en\/\",\"logo\":{\"@type\":\"ImageObject\",\"inLanguage\":\"en-US\",\"@id\":\"https:\/\/www.d-unas.com\/en\/#\/schema\/logo\/image\/\",\"url\":\"https:\/\/www.d-unas.com\/wp-content\/uploads\/2021\/09\/versiones-logo_3.png\",\"contentUrl\":\"https:\/\/www.d-unas.com\/wp-content\/uploads\/2021\/09\/versiones-logo_3.png\",\"width\":843,\"height\":596,\"caption\":\"d-u\u00f1as nails & beauty\"},\"image\":{\"@id\":\"https:\/\/www.d-unas.com\/en\/#\/schema\/logo\/image\/\"}}]}<\/script>\n<!-- \/ Yoast SEO plugin. -->","yoast_head_json":{"title":"M\u00c1STER INTEGRAL DE U\u00d1AS - d-u\u00f1as nails &amp; beauty","description":"En este curso de t\u00e9cnico manicurista te formaremos sobre todas las t\u00e9cnicas m\u00e1s novedosas de u\u00f1as, esculpidos y nail art: manicuras, esmaltados, gel, acr\u00edlico, acrygel, todo tipo de nail art y efectos, decoraciones y dise\u00f1os avanzados.","robots":{"index":"index","follow":"follow","max-snippet":"max-snippet:-1","max-image-preview":"max-image-preview:large","max-video-preview":"max-video-preview:-1"},"canonical":"https:\/\/www.d-unas.com\/en\/producto\/master-integral-de-unas\/","og_locale":"en_US","og_type":"article","og_title":"M\u00c1STER INTEGRAL DE U\u00d1AS - d-u\u00f1as nails &amp; beauty","og_description":"En este curso de t\u00e9cnico manicurista te formaremos sobre todas las t\u00e9cnicas m\u00e1s novedosas de u\u00f1as, esculpidos y nail art: manicuras, esmaltados, gel, acr\u00edlico, acrygel, todo tipo de nail art y efectos, decoraciones y dise\u00f1os avanzados.","og_url":"https:\/\/www.d-unas.com\/en\/producto\/master-integral-de-unas\/","og_site_name":"d-u\u00f1as nails &amp; beauty","article_modified_time":"2026-01-27T17:47:21+00:00","og_image":[{"width":1920,"height":2560,"url":"https:\/\/www.d-unas.com\/wp-content\/uploads\/2022\/02\/IMG_9366-scaled.jpg","type":"image\/jpeg"}],"twitter_card":"summary_large_image","twitter_misc":{"Est. reading time":"1 minute"},"schema":{"@context":"https:\/\/schema.org","@graph":[{"@type":"WebPage","@id":"https:\/\/www.d-unas.com\/en\/producto\/master-integral-de-unas\/","url":"https:\/\/www.d-unas.com\/en\/producto\/master-integral-de-unas\/","name":"M\u00c1STER INTEGRAL DE U\u00d1AS - d-u\u00f1as nails &amp; beauty","isPartOf":{"@id":"https:\/\/www.d-unas.com\/en\/#website"},"primaryImageOfPage":{"@id":"https:\/\/www.d-unas.com\/en\/producto\/master-integral-de-unas\/#primaryimage"},"image":{"@id":"https:\/\/www.d-unas.com\/en\/producto\/master-integral-de-unas\/#primaryimage"},"thumbnailUrl":"https:\/\/www.d-unas.com\/wp-content\/uploads\/2022\/02\/IMG_9366-scaled.jpg","datePublished":"2022-02-09T10:20:32+00:00","dateModified":"2026-01-27T17:47:21+00:00","description":"En este curso de t\u00e9cnico manicurista te formaremos sobre todas las t\u00e9cnicas m\u00e1s novedosas de u\u00f1as, esculpidos y nail art: manicuras, esmaltados, gel, acr\u00edlico, acrygel, todo tipo de nail art y efectos, decoraciones y dise\u00f1os avanzados.","breadcrumb":{"@id":"https:\/\/www.d-unas.com\/en\/producto\/master-integral-de-unas\/#breadcrumb"},"inLanguage":"en-US","potentialAction":[{"@type":"ReadAction","target":["https:\/\/www.d-unas.com\/en\/producto\/master-integral-de-unas\/"]}]},{"@type":"ImageObject","inLanguage":"en-US","@id":"https:\/\/www.d-unas.com\/en\/producto\/master-integral-de-unas\/#primaryimage","url":"https:\/\/www.d-unas.com\/wp-content\/uploads\/2022\/02\/IMG_9366-scaled.jpg","contentUrl":"https:\/\/www.d-unas.com\/wp-content\/uploads\/2022\/02\/IMG_9366-scaled.jpg","width":1920,"height":2560},{"@type":"BreadcrumbList","@id":"https:\/\/www.d-unas.com\/en\/producto\/master-integral-de-unas\/#breadcrumb","itemListElement":[{"@type":"ListItem","position":1,"name":"Portada","item":"https:\/\/www.d-unas.com\/en\/"},{"@type":"ListItem","position":2,"name":"Shop","item":"https:\/\/www.d-unas.com\/tienda-online-manicura\/"},{"@type":"ListItem","position":3,"name":"M\u00c1STER INTEGRAL DE U\u00d1AS"}]},{"@type":"WebSite","@id":"https:\/\/www.d-unas.com\/en\/#website","url":"https:\/\/www.d-unas.com\/en\/","name":"d-u\u00f1as nails &amp; beauty","description":"La marca original de belleza de manos &amp; pies","publisher":{"@id":"https:\/\/www.d-unas.com\/en\/#organization"},"potentialAction":[{"@type":"SearchAction","target":{"@type":"EntryPoint","urlTemplate":"https:\/\/www.d-unas.com\/en\/?s={search_term_string}"},"query-input":"required name=search_term_string"}],"inLanguage":"en-US"},{"@type":"Organization","@id":"https:\/\/www.d-unas.com\/en\/#organization","name":"d-u\u00f1as nails & beauty","url":"https:\/\/www.d-unas.com\/en\/","logo":{"@type":"ImageObject","inLanguage":"en-US","@id":"https:\/\/www.d-unas.com\/en\/#\/schema\/logo\/image\/","url":"https:\/\/www.d-unas.com\/wp-content\/uploads\/2021\/09\/versiones-logo_3.png","contentUrl":"https:\/\/www.d-unas.com\/wp-content\/uploads\/2021\/09\/versiones-logo_3.png","width":843,"height":596,"caption":"d-u\u00f1as nails & beauty"},"image":{"@id":"https:\/\/www.d-unas.com\/en\/#\/schema\/logo\/image\/"}}]}},"_links":{"self":[{"href":"https:\/\/www.d-unas.com\/en\/wp-json\/wp\/v2\/product\/12300","targetHints":{"allow":["GET"]}}],"collection":[{"href":"https:\/\/www.d-unas.com\/en\/wp-json\/wp\/v2\/product"}],"about":[{"href":"https:\/\/www.d-unas.com\/en\/wp-json\/wp\/v2\/types\/product"}],"replies":[{"embeddable":true,"href":"https:\/\/www.d-unas.com\/en\/wp-json\/wp\/v2\/comments?post=12300"}],"wp:featuredmedia":[{"embeddable":true,"href":"https:\/\/www.d-unas.com\/en\/wp-json\/wp\/v2\/media\/23795"}],"wp:attachment":[{"href":"https:\/\/www.d-unas.com\/en\/wp-json\/wp\/v2\/media?parent=12300"}],"wp:term":[{"taxonomy":"product_cat","embeddable":true,"href":"https:\/\/www.d-unas.com\/en\/wp-json\/wp\/v2\/product_cat?post=12300"},{"taxonomy":"product_tag","embeddable":true,"href":"https:\/\/www.d-unas.com\/en\/wp-json\/wp\/v2\/product_tag?post=12300"}],"curies":[{"name":"wp","href":"https:\/\/api.w.org\/{rel}","templated":true}]}}