{"id":8933,"date":"2021-05-28T11:28:45","date_gmt":"2021-05-28T11:28:45","guid":{"rendered":"https:\/\/d-unas.laluna.dev\/cita-online\/"},"modified":"2024-11-12T12:42:56","modified_gmt":"2024-11-12T11:42:56","slug":"cita-online","status":"publish","type":"page","link":"https:\/\/www.d-unas.com\/gt\/cita-online\/","title":{"rendered":"Cita online"},"content":{"rendered":"<p><div class=\"fusion-fullwidth fullwidth-box fusion-builder-row-1 fusion-flex-container fusion-parallax-none nonhundred-percent-fullwidth hundred-percent-height hundred-percent-height-center-content non-hundred-percent-height-scrolling lazyload\" style=\"--link_color: #bc4b20;--awb-background-blend-mode:darken;--awb-border-radius-top-left:0px;--awb-border-radius-top-right:0px;--awb-border-radius-bottom-right:0px;--awb-border-radius-bottom-left:0px;--awb-padding-top:10%;--awb-padding-bottom:10%;--awb-margin-top:0px;--awb-margin-bottom:0px;--awb-background-image:radial-gradient(circle at center center, rgba(0,0,0,0.5) 10%,rgba(0,0,0,0.15) 60%);;--awb-background-size:cover;--awb-flex-wrap:wrap;\" data-bg=\"https:\/\/www.d-unas.com\/wp-content\/uploads\/2021\/05\/imagen-fondo-frnaquicias-2-2000x1334-1.jpg\" data-bg-gradient=\"radial-gradient(circle at center center, rgba(0,0,0,0.5) 10%,rgba(0,0,0,0.15) 60%)\" ><div class=\"fusion-builder-row fusion-row fusion-flex-align-items-center fusion-flex-justify-content-center fusion-flex-content-wrap\" style=\"max-width:1424.8px;margin-left: calc(-4% \/ 2 );margin-right: calc(-4% \/ 2 );\"><div class=\"fusion-layout-column fusion_builder_column fusion-builder-column-0 fusion_builder_column_2_3 2_3 fusion-flex-column\" style=\"--awb-bg-size:cover;--awb-width-large:66.666666666667%;--awb-margin-top-large:0px;--awb-spacing-right-large:14.4%;--awb-margin-bottom-large:0px;--awb-spacing-left-large:14.4%;--awb-width-medium:100%;--awb-order-medium:0;--awb-spacing-right-medium:9.6%;--awb-spacing-left-medium:9.6%;--awb-width-small:100%;--awb-order-small:0;--awb-spacing-right-small:1.92%;--awb-spacing-left-small:1.92%;\"><div class=\"fusion-column-wrapper fusion-column-has-shadow fusion-flex-justify-content-center fusion-content-layout-column\"><div class=\"fusion-title title fusion-title-1 fusion-sep-none fusion-title-center fusion-title-text fusion-title-size-one\" style=\"--awb-text-color:#ffffff;--awb-margin-bottom:0px;--awb-font-size:60px;\"><h1 class=\"fusion-title-heading title-heading-center fusion-responsive-typography-calculated\" style=\"margin:0;font-size:1em;--fontSize:60;line-height:1.16;\">Reserva tu cita ahora<\/h1><\/div><div class=\"fusion-text fusion-text-1\" style=\"--awb-content-alignment:center;--awb-font-size:22px;--awb-text-color:#ffffff;\"><p>Reserva tu cita online ahora desde aqu\u00ed. \u00a1En 3 clics!<\/p>\n<\/div><div style=\"text-align:center;\"><a class=\"fusion-button button-flat button-xlarge button-default fusion-button-default button-1 fusion-button-default-span fusion-button-default-type\" target=\"_self\" href=\"https:\/\/api-us.flowww.net\/fwa\/#\/init\/beauty_gt\/es\/\/fdc300\/000000\/\/\"><span class=\"fusion-button-text\">Pide cita<\/span><\/a><\/div><\/div><\/div><\/div><\/div><div class=\"fusion-fullwidth fullwidth-box fusion-builder-row-2 fusion-flex-container nonhundred-percent-fullwidth non-hundred-percent-height-scrolling\" style=\"--link_color: #bc4b20;--awb-border-sizes-bottom:10px;--awb-border-color:#fcf9f1;--awb-border-radius-top-left:0px;--awb-border-radius-top-right:0px;--awb-border-radius-bottom-right:0px;--awb-border-radius-bottom-left:0px;--awb-padding-top:5%;--awb-padding-bottom:5%;--awb-padding-top-small:10%;--awb-margin-top:0px;--awb-margin-bottom:0px;--awb-background-color:#ffffff;--awb-flex-wrap:wrap;\" ><div class=\"fusion-builder-row fusion-row fusion-flex-align-items-center fusion-flex-justify-content-center fusion-flex-content-wrap\" style=\"max-width:1424.8px;margin-left: calc(-4% \/ 2 );margin-right: calc(-4% \/ 2 );\"><div class=\"fusion-layout-column fusion_builder_column fusion-builder-column-1 fusion_builder_column_2_3 2_3 fusion-flex-column\" style=\"--awb-bg-size:cover;--awb-width-large:66.666666666667%;--awb-margin-top-large:0px;--awb-spacing-right-large:7.2%;--awb-margin-bottom-large:30px;--awb-spacing-left-large:7.2%;--awb-width-medium:66.666666666667%;--awb-order-medium:0;--awb-spacing-right-medium:7.2%;--awb-spacing-left-medium:7.2%;--awb-width-small:100%;--awb-order-small:0;--awb-spacing-right-small:1.92%;--awb-spacing-left-small:1.92%;\"><div class=\"fusion-column-wrapper fusion-column-has-shadow fusion-flex-justify-content-flex-start fusion-content-layout-column\"><div class=\"fusion-title title fusion-title-2 fusion-sep-none fusion-title-center fusion-title-text fusion-title-size-two\" style=\"--awb-margin-bottom:0px;\"><h2 class=\"fusion-title-heading title-heading-center fusion-responsive-typography-calculated\" style=\"margin:0;--fontSize:36.8;line-height:1.1;\">APP <span style=\"font-family: 'Cero Round Pro Black';\" data-fusion-font=\"true\">d-u\u00f1as<\/span><\/h2><\/div><div class=\"fusion-title title fusion-title-3 fusion-sep-none fusion-title-center fusion-title-text fusion-title-size-div\" style=\"--awb-margin-top:5px;--awb-font-size:1.5em;\"><div class=\"fusion-title-heading title-heading-center title-heading-tag fusion-responsive-typography-calculated\" style=\"font-family:&quot;Cero Round Pro Black&quot;;font-style:normal;font-weight:400;margin:0;font-size:1em;--fontSize:24;line-height:1.4;\">Desc\u00e1rgate la APP d-u\u00f1as y haz tu reserva as\u00ed de f\u00e1cil<\/div><\/div><\/div><\/div><div class=\"fusion-layout-column fusion_builder_column fusion-builder-column-2 fusion_builder_column_1_2 1_2 fusion-flex-column\" style=\"--awb-bg-size:cover;--awb-width-large:50%;--awb-margin-top-large:0px;--awb-spacing-right-large:9.6%;--awb-margin-bottom-large:0px;--awb-spacing-left-large:9.6%;--awb-width-medium:50%;--awb-order-medium:0;--awb-spacing-right-medium:9.6%;--awb-spacing-left-medium:9.6%;--awb-width-small:100%;--awb-order-small:0;--awb-spacing-right-small:1.92%;--awb-spacing-left-small:1.92%;\"><div class=\"fusion-column-wrapper fusion-column-has-shadow fusion-flex-justify-content-flex-start fusion-content-layout-row\"><div class=\"fusion-video fusion-youtube\" style=\"--awb-max-width:600px;--awb-max-height:360px;--awb-align-self:center;--awb-width:100%;\"><div class=\"video-shortcode\"><div class=\"fluid-width-video-wrapper\" style=\"padding-top:60%;\" ><iframe title=\"YouTube video player 1\" src=\"https:\/\/www.youtube.com\/embed\/o-VGehqfSDw?wmode=transparent&autoplay=0\" width=\"600\" height=\"360\" allowfullscreen allow=\"autoplay; fullscreen\"><\/iframe><\/div><\/div><\/div><\/div><\/div><\/div><\/div><div class=\"fusion-fullwidth fullwidth-box fusion-builder-row-3 fusion-flex-container nonhundred-percent-fullwidth non-hundred-percent-height-scrolling fusion-no-small-visibility\" style=\"--link_color: #000000;--awb-background-position:left bottom;--awb-border-radius-top-left:0px;--awb-border-radius-top-right:0px;--awb-border-radius-bottom-right:0px;--awb-border-radius-bottom-left:0px;--awb-padding-top:10px;--awb-padding-bottom:10px;--awb-padding-top-medium:5%;--awb-margin-bottom:0px;--awb-margin-top-small:20px;--awb-margin-bottom-small:20px;--awb-background-color:rgba(245,216,132,0.2);--awb-flex-wrap:wrap;\" ><div class=\"fusion-builder-row fusion-row fusion-flex-align-items-center fusion-flex-content-wrap\" style=\"max-width:1424.8px;margin-left: calc(-4% \/ 2 );margin-right: calc(-4% \/ 2 );\"><div class=\"fusion-layout-column fusion_builder_column fusion-builder-column-3 fusion_builder_column_3_5 3_5 fusion-flex-column\" style=\"--awb-bg-size:cover;--awb-width-large:60%;--awb-margin-top-large:0px;--awb-spacing-right-large:3.36%;--awb-margin-bottom-large:20px;--awb-spacing-left-large:3.2%;--awb-width-medium:60%;--awb-order-medium:0;--awb-spacing-right-medium:3.36%;--awb-spacing-left-medium:3.2%;--awb-width-small:100%;--awb-order-small:0;--awb-spacing-right-small:1.92%;--awb-spacing-left-small:1.92%;\"><div class=\"fusion-column-wrapper fusion-column-has-shadow fusion-flex-justify-content-flex-start fusion-content-layout-column\"><div class=\"fusion-title title fusion-title-4 fusion-sep-none fusion-title-center fusion-title-text fusion-title-size-two\" style=\"--awb-text-color:#434242;--awb-margin-bottom:0px;--awb-font-size:46px;\"><h2 class=\"fusion-title-heading title-heading-center fusion-responsive-typography-calculated\" style=\"margin:0;font-size:1em;--fontSize:46;line-height:1.1;\">Desc\u00e1rgate nuestra <span style=\"font-family: 'Cero Round Pro Black';\" data-fusion-font=\"true\">App<\/span><\/h2><\/div><div class=\"fusion-title title fusion-title-5 fusion-sep-none fusion-title-center fusion-title-text fusion-title-size-three\" style=\"--awb-text-color:#434242;--awb-margin-top:0px;--awb-font-size:28px;\"><h3 class=\"fusion-title-heading title-heading-center fusion-responsive-typography-calculated\" style=\"margin:0;font-size:1em;--fontSize:28;line-height:1.3;\">Descubre todas sus ventajas <u><a href=\"https:\/\/www.d-unas.com\/cita-online\/\">aqu\u00ed<\/a><\/u><\/h3><\/div><div class=\"fusion-social-links fusion-social-links-1\" style=\"--awb-margin-top:0px;--awb-margin-right:0px;--awb-margin-bottom:0px;--awb-margin-left:0px;--awb-alignment:center;--awb-box-border-top:0px;--awb-box-border-right:0px;--awb-box-border-bottom:0px;--awb-box-border-left:0px;--awb-icon-colors-hover:rgba(158,160,164,0.8);--awb-box-colors-hover:rgba(242,243,245,0.8);--awb-box-border-color:var(--awb-color3);--awb-box-border-color-hover:var(--awb-color4);\"><div class=\"fusion-social-networks color-type-custom\"><div class=\"fusion-social-networks-wrapper\"><a class=\"fusion-social-network-icon fusion-tooltip fusion-Android awb-icon-Android\" style=\"color:#fff;font-size:40px;\" data-placement=\"bottom\" data-title=\"Android\" data-toggle=\"tooltip\" title=\"Android\" aria-label=\"Android\" target=\"_blank\" rel=\"noopener noreferrer\" href=\"https:\/\/goo.gl\/0Fe88Y\"><img class=\"lazyload\" decoding=\"async\" src=\"data:image\/svg+xml,%3Csvg%20xmlns%3D%27http%3A%2F%2Fwww.w3.org%2F2000%2Fsvg%27%20width%3D%2750%27%20height%3D%2750%27%20viewBox%3D%270%200%2050%2050%27%3E%3Crect%20width%3D%2750%27%20height%3D%2750%27%20fill-opacity%3D%220%22%2F%3E%3C%2Fsvg%3E\" data-orig-src=\"https:\/\/www.d-unas.com\/wp-content\/uploads\/2021\/03\/icon-android-50x50-1.png\" alt=\"Android\" width=\"50\" height=\"50\" \/><\/a><a class=\"fusion-social-network-icon fusion-tooltip fusion-Apple awb-icon-Apple\" style=\"color:#fff;font-size:40px;\" data-placement=\"bottom\" data-title=\"Apple\" data-toggle=\"tooltip\" title=\"Apple\" aria-label=\"Apple\" target=\"_blank\" rel=\"noopener noreferrer\" href=\"https:\/\/appsto.re\/es\/Ny8v-.i\"><img class=\"lazyload\" decoding=\"async\" src=\"data:image\/svg+xml,%3Csvg%20xmlns%3D%27http%3A%2F%2Fwww.w3.org%2F2000%2Fsvg%27%20width%3D%2750%27%20height%3D%2750%27%20viewBox%3D%270%200%2050%2050%27%3E%3Crect%20width%3D%2750%27%20height%3D%2750%27%20fill-opacity%3D%220%22%2F%3E%3C%2Fsvg%3E\" data-orig-src=\"https:\/\/www.d-unas.com\/wp-content\/uploads\/2021\/03\/apple-50x50-1.png\" alt=\"Apple\" width=\"50\" height=\"50\" \/><\/a><\/div><\/div><\/div><\/div><\/div><div class=\"fusion-layout-column fusion_builder_column fusion-builder-column-4 fusion_builder_column_2_5 2_5 fusion-flex-column fusion-no-small-visibility\" style=\"--awb-bg-size:cover;--awb-filter:saturate(100%);--awb-filter-transition:filter 0.3s ease;--awb-filter-hover:saturate(135%);--awb-width-large:40%;--awb-margin-top-large:0px;--awb-spacing-right-large:0%;--awb-margin-bottom-large:0px;--awb-spacing-left-large:0%;--awb-width-medium:40%;--awb-order-medium:0;--awb-spacing-right-medium:0%;--awb-spacing-left-medium:0%;--awb-width-small:100%;--awb-order-small:0;--awb-spacing-right-small:9.6%;--awb-spacing-left-small:9.6%;\"><div class=\"fusion-column-wrapper fusion-column-has-shadow fusion-flex-justify-content-flex-start fusion-content-layout-column\"><div class=\"fusion-image-element sm-text-align-center\" style=\"--awb-max-width:300px;--awb-caption-title-font-family:var(--h2_typography-font-family);--awb-caption-title-font-weight:var(--h2_typography-font-weight);--awb-caption-title-font-style:var(--h2_typography-font-style);--awb-caption-title-size:var(--h2_typography-font-size);--awb-caption-title-transform:var(--h2_typography-text-transform);--awb-caption-title-line-height:var(--h2_typography-line-height);--awb-caption-title-letter-spacing:var(--h2_typography-letter-spacing);\"><span class=\" fusion-imageframe imageframe-none imageframe-1 hover-type-none\"><img decoding=\"async\" width=\"800\" height=\"680\" alt=\"app-movil-d-unas-cuadrado-800x680c\" title=\"app-movil-d-unas-cuadrado-800&#215;680\" src=\"https:\/\/www.d-unas.com\/wp-content\/uploads\/2021\/05\/app-movil-d-unas-cuadrado-800x680-1.png\" data-orig-src=\"https:\/\/www.d-unas.com\/wp-content\/uploads\/2021\/05\/app-movil-d-unas-cuadrado-800x680-1.png\" class=\"lazyload img-responsive wp-image-8988\" srcset=\"data:image\/svg+xml,%3Csvg%20xmlns%3D%27http%3A%2F%2Fwww.w3.org%2F2000%2Fsvg%27%20width%3D%27800%27%20height%3D%27680%27%20viewBox%3D%270%200%20800%20680%27%3E%3Crect%20width%3D%27800%27%20height%3D%27680%27%20fill-opacity%3D%220%22%2F%3E%3C%2Fsvg%3E\" data-srcset=\"https:\/\/www.d-unas.com\/wp-content\/uploads\/2021\/05\/app-movil-d-unas-cuadrado-800x680-1-200x170.png 200w, https:\/\/www.d-unas.com\/wp-content\/uploads\/2021\/05\/app-movil-d-unas-cuadrado-800x680-1-400x340.png 400w, https:\/\/www.d-unas.com\/wp-content\/uploads\/2021\/05\/app-movil-d-unas-cuadrado-800x680-1-600x510.png 600w, https:\/\/www.d-unas.com\/wp-content\/uploads\/2021\/05\/app-movil-d-unas-cuadrado-800x680-1.png 800w\" data-sizes=\"auto\" data-orig-sizes=\"(max-width: 680px) 100vw, 600px\" \/><\/span><\/div><\/div><\/div><\/div><\/div><div class=\"fusion-fullwidth fullwidth-box fusion-builder-row-4 fusion-flex-container fusion-parallax-none nonhundred-percent-fullwidth non-hundred-percent-height-scrolling fusion-no-medium-visibility fusion-no-large-visibility lazyload\" style=\"--link_color: #000000;--awb-background-position:center top;--awb-background-blend-mode:lighten;--awb-border-radius-top-left:0px;--awb-border-radius-top-right:0px;--awb-border-radius-bottom-right:0px;--awb-border-radius-bottom-left:0px;--awb-padding-top:1%;--awb-padding-bottom:1%;--awb-padding-top-small:23%;--awb-padding-bottom-small:21%;--awb-margin-bottom:0px;--awb-margin-top-small:6px;--awb-margin-bottom-small:20px;--awb-background-color:rgba(255,255,255,0.9);--awb-background-size:cover;--awb-flex-wrap:wrap;\" data-bg=\"https:\/\/www.d-unas.com\/wp-content\/uploads\/2021\/05\/app-movil-d-unas-cuadrado-800x680-1.png\" ><div class=\"fusion-builder-row fusion-row fusion-flex-align-items-center fusion-flex-content-wrap\" style=\"max-width:1424.8px;margin-left: calc(-4% \/ 2 );margin-right: calc(-4% \/ 2 );\"><div class=\"fusion-layout-column fusion_builder_column fusion-builder-column-5 fusion_builder_column_1_1 1_1 fusion-flex-column fusion-animated\" style=\"--awb-bg-size:cover;--awb-width-large:100%;--awb-margin-top-large:0px;--awb-spacing-right-large:2.016%;--awb-margin-bottom-large:20px;--awb-spacing-left-large:1.92%;--awb-width-medium:100%;--awb-order-medium:0;--awb-spacing-right-medium:2.016%;--awb-spacing-left-medium:1.92%;--awb-width-small:100%;--awb-order-small:0;--awb-spacing-right-small:1.92%;--awb-spacing-left-small:1.92%;\" data-animationType=\"slideInLeft\" data-animationDuration=\"1.0\" data-animationOffset=\"top-into-view\"><div class=\"fusion-column-wrapper fusion-column-has-shadow fusion-flex-justify-content-flex-start fusion-content-layout-column\"><div class=\"fusion-title title fusion-title-6 fusion-sep-none fusion-title-center fusion-title-text fusion-title-size-two\" style=\"--awb-margin-bottom:0px;--awb-font-size:46px;\"><h2 class=\"fusion-title-heading title-heading-center fusion-responsive-typography-calculated\" style=\"margin:0;font-size:1em;--fontSize:46;line-height:1.1;\">Desc\u00e1rgate nuestra <span style=\"font-family: 'Cero Round Pro Black';\" data-fusion-font=\"true\">App<\/span><\/h2><\/div><div class=\"fusion-title title fusion-title-7 fusion-sep-none fusion-title-center fusion-title-text fusion-title-size-div\" style=\"--awb-margin-top:0px;--awb-font-size:28px;\"><div class=\"fusion-title-heading title-heading-center title-heading-tag fusion-responsive-typography-calculated\" style=\"margin:0;font-size:1em;--fontSize:28;line-height:1.4;\">Descubre todas sus ventajas <u><a href=\"https:\/\/www.d-unas.com\/app-movil\/\">aqu\u00ed<\/a><\/u><\/div><\/div><div class=\"fusion-social-links fusion-social-links-2\" style=\"--awb-margin-top:0px;--awb-margin-right:0px;--awb-margin-bottom:0px;--awb-margin-left:0px;--awb-alignment:center;--awb-box-border-top:0px;--awb-box-border-right:0px;--awb-box-border-bottom:0px;--awb-box-border-left:0px;--awb-icon-colors-hover:rgba(158,160,164,0.8);--awb-box-colors-hover:rgba(242,243,245,0.8);--awb-box-border-color:var(--awb-color3);--awb-box-border-color-hover:var(--awb-color4);\"><div class=\"fusion-social-networks color-type-custom\"><div class=\"fusion-social-networks-wrapper\"><a class=\"fusion-social-network-icon fusion-tooltip fusion-Android awb-icon-Android\" style=\"color:#000000;font-size:40px;\" data-placement=\"bottom\" data-title=\"Android\" data-toggle=\"tooltip\" title=\"Android\" aria-label=\"Android\" target=\"_blank\" rel=\"noopener noreferrer\" href=\"https:\/\/goo.gl\/0Fe88Y\"><img class=\"lazyload\" decoding=\"async\" src=\"data:image\/svg+xml,%3Csvg%20xmlns%3D%27http%3A%2F%2Fwww.w3.org%2F2000%2Fsvg%27%20width%3D%2750%27%20height%3D%2750%27%20viewBox%3D%270%200%2050%2050%27%3E%3Crect%20width%3D%2750%27%20height%3D%2750%27%20fill-opacity%3D%220%22%2F%3E%3C%2Fsvg%3E\" data-orig-src=\"https:\/\/www.d-unas.com\/wp-content\/uploads\/2021\/03\/icon-android-50x50-1.png\" alt=\"Android\" width=\"50\" height=\"50\" \/><\/a><a class=\"fusion-social-network-icon fusion-tooltip fusion-Apple awb-icon-Apple\" style=\"color:#000000;font-size:40px;\" data-placement=\"bottom\" data-title=\"Apple\" data-toggle=\"tooltip\" title=\"Apple\" aria-label=\"Apple\" target=\"_blank\" rel=\"noopener noreferrer\" href=\"https:\/\/appsto.re\/es\/Ny8v-.i\"><img class=\"lazyload\" decoding=\"async\" src=\"data:image\/svg+xml,%3Csvg%20xmlns%3D%27http%3A%2F%2Fwww.w3.org%2F2000%2Fsvg%27%20width%3D%2750%27%20height%3D%2750%27%20viewBox%3D%270%200%2050%2050%27%3E%3Crect%20width%3D%2750%27%20height%3D%2750%27%20fill-opacity%3D%220%22%2F%3E%3C%2Fsvg%3E\" data-orig-src=\"https:\/\/www.d-unas.com\/wp-content\/uploads\/2021\/03\/apple-50x50-1.png\" alt=\"Apple\" width=\"50\" height=\"50\" \/><\/a><\/div><\/div><\/div><\/div><\/div><\/div><\/div><\/p>\n","protected":false},"excerpt":{"rendered":"","protected":false},"author":26,"featured_media":10209,"parent":0,"menu_order":0,"comment_status":"closed","ping_status":"closed","template":"100-width.php","meta":{"content-type":"","footnotes":""},"class_list":["post-8933","page","type-page","status-publish","has-post-thumbnail","hentry"],"yoast_head":"<!-- This site is optimized with the Yoast SEO plugin v23.0 - https:\/\/yoast.com\/wordpress\/plugins\/seo\/ -->\n<title>Pide Cita online - d-u\u00f1as nails &amp; beauty<\/title>\n<meta name=\"robots\" content=\"index, follow, max-snippet:-1, max-image-preview:large, max-video-preview:-1\" \/>\n<link rel=\"canonical\" href=\"https:\/\/www.d-unas.com\/gt\/cita-online\/\" \/>\n<meta property=\"og:locale\" content=\"es_ES\" \/>\n<meta property=\"og:type\" content=\"article\" \/>\n<meta property=\"og:title\" content=\"Pide Cita online - d-u\u00f1as nails &amp; beauty\" \/>\n<meta property=\"og:url\" content=\"https:\/\/www.d-unas.com\/gt\/cita-online\/\" \/>\n<meta property=\"og:site_name\" content=\"d-u\u00f1as nails &amp; beauty\" \/>\n<meta property=\"article:modified_time\" content=\"2024-11-12T11:42:56+00:00\" \/>\n<meta property=\"og:image\" content=\"https:\/\/www.d-unas.com\/wp-content\/uploads\/2021\/09\/MG_8715-2000x1333-1-6.jpg\" \/>\n\t<meta property=\"og:image:width\" content=\"2000\" \/>\n\t<meta property=\"og:image:height\" content=\"1333\" \/>\n\t<meta property=\"og:image:type\" content=\"image\/jpeg\" \/>\n<meta name=\"twitter:card\" content=\"summary_large_image\" \/>\n<meta name=\"twitter:label1\" content=\"Est. reading time\" \/>\n\t<meta name=\"twitter:data1\" content=\"2 minutos\" \/>\n<script type=\"application\/ld+json\" class=\"yoast-schema-graph\">{\"@context\":\"https:\/\/schema.org\",\"@graph\":[{\"@type\":\"WebPage\",\"@id\":\"https:\/\/www.d-unas.com\/gt\/cita-online\/\",\"url\":\"https:\/\/www.d-unas.com\/gt\/cita-online\/\",\"name\":\"Pide Cita online - d-u\u00f1as nails &amp; beauty\",\"isPartOf\":{\"@id\":\"https:\/\/www.d-unas.com\/gt\/#website\"},\"primaryImageOfPage\":{\"@id\":\"https:\/\/www.d-unas.com\/gt\/cita-online\/#primaryimage\"},\"image\":{\"@id\":\"https:\/\/www.d-unas.com\/gt\/cita-online\/#primaryimage\"},\"thumbnailUrl\":\"https:\/\/www.d-unas.com\/wp-content\/uploads\/2021\/09\/MG_8715-2000x1333-1-6.jpg\",\"datePublished\":\"2021-05-28T11:28:45+00:00\",\"dateModified\":\"2024-11-12T11:42:56+00:00\",\"breadcrumb\":{\"@id\":\"https:\/\/www.d-unas.com\/gt\/cita-online\/#breadcrumb\"},\"inLanguage\":\"es\",\"potentialAction\":[{\"@type\":\"ReadAction\",\"target\":[\"https:\/\/www.d-unas.com\/gt\/cita-online\/\"]}]},{\"@type\":\"ImageObject\",\"inLanguage\":\"es\",\"@id\":\"https:\/\/www.d-unas.com\/gt\/cita-online\/#primaryimage\",\"url\":\"https:\/\/www.d-unas.com\/wp-content\/uploads\/2021\/09\/MG_8715-2000x1333-1-6.jpg\",\"contentUrl\":\"https:\/\/www.d-unas.com\/wp-content\/uploads\/2021\/09\/MG_8715-2000x1333-1-6.jpg\",\"width\":2000,\"height\":1333},{\"@type\":\"BreadcrumbList\",\"@id\":\"https:\/\/www.d-unas.com\/gt\/cita-online\/#breadcrumb\",\"itemListElement\":[{\"@type\":\"ListItem\",\"position\":1,\"name\":\"Portada\",\"item\":\"https:\/\/www.d-unas.com\/gt\/\"},{\"@type\":\"ListItem\",\"position\":2,\"name\":\"Cita online\"}]},{\"@type\":\"WebSite\",\"@id\":\"https:\/\/www.d-unas.com\/gt\/#website\",\"url\":\"https:\/\/www.d-unas.com\/gt\/\",\"name\":\"d-u\u00f1as nails &amp; beauty\",\"description\":\"La marca original de belleza de manos &amp; pies\",\"publisher\":{\"@id\":\"https:\/\/www.d-unas.com\/gt\/#organization\"},\"potentialAction\":[{\"@type\":\"SearchAction\",\"target\":{\"@type\":\"EntryPoint\",\"urlTemplate\":\"https:\/\/www.d-unas.com\/gt\/?s={search_term_string}\"},\"query-input\":\"required name=search_term_string\"}],\"inLanguage\":\"es\"},{\"@type\":\"Organization\",\"@id\":\"https:\/\/www.d-unas.com\/gt\/#organization\",\"name\":\"d-u\u00f1as nails & beauty\",\"url\":\"https:\/\/www.d-unas.com\/gt\/\",\"logo\":{\"@type\":\"ImageObject\",\"inLanguage\":\"es\",\"@id\":\"https:\/\/www.d-unas.com\/gt\/#\/schema\/logo\/image\/\",\"url\":\"https:\/\/www.d-unas.com\/wp-content\/uploads\/2021\/09\/versiones-logo_3.png\",\"contentUrl\":\"https:\/\/www.d-unas.com\/wp-content\/uploads\/2021\/09\/versiones-logo_3.png\",\"width\":843,\"height\":596,\"caption\":\"d-u\u00f1as nails & beauty\"},\"image\":{\"@id\":\"https:\/\/www.d-unas.com\/gt\/#\/schema\/logo\/image\/\"}}]}<\/script>\n<!-- \/ Yoast SEO plugin. -->","yoast_head_json":{"title":"Pide Cita online - d-u\u00f1as nails &amp; beauty","robots":{"index":"index","follow":"follow","max-snippet":"max-snippet:-1","max-image-preview":"max-image-preview:large","max-video-preview":"max-video-preview:-1"},"canonical":"https:\/\/www.d-unas.com\/gt\/cita-online\/","og_locale":"es_ES","og_type":"article","og_title":"Pide Cita online - d-u\u00f1as nails &amp; beauty","og_url":"https:\/\/www.d-unas.com\/gt\/cita-online\/","og_site_name":"d-u\u00f1as nails &amp; beauty","article_modified_time":"2024-11-12T11:42:56+00:00","og_image":[{"width":2000,"height":1333,"url":"https:\/\/www.d-unas.com\/wp-content\/uploads\/2021\/09\/MG_8715-2000x1333-1-6.jpg","type":"image\/jpeg"}],"twitter_card":"summary_large_image","twitter_misc":{"Est. reading time":"2 minutos"},"schema":{"@context":"https:\/\/schema.org","@graph":[{"@type":"WebPage","@id":"https:\/\/www.d-unas.com\/gt\/cita-online\/","url":"https:\/\/www.d-unas.com\/gt\/cita-online\/","name":"Pide Cita online - d-u\u00f1as nails &amp; beauty","isPartOf":{"@id":"https:\/\/www.d-unas.com\/gt\/#website"},"primaryImageOfPage":{"@id":"https:\/\/www.d-unas.com\/gt\/cita-online\/#primaryimage"},"image":{"@id":"https:\/\/www.d-unas.com\/gt\/cita-online\/#primaryimage"},"thumbnailUrl":"https:\/\/www.d-unas.com\/wp-content\/uploads\/2021\/09\/MG_8715-2000x1333-1-6.jpg","datePublished":"2021-05-28T11:28:45+00:00","dateModified":"2024-11-12T11:42:56+00:00","breadcrumb":{"@id":"https:\/\/www.d-unas.com\/gt\/cita-online\/#breadcrumb"},"inLanguage":"es","potentialAction":[{"@type":"ReadAction","target":["https:\/\/www.d-unas.com\/gt\/cita-online\/"]}]},{"@type":"ImageObject","inLanguage":"es","@id":"https:\/\/www.d-unas.com\/gt\/cita-online\/#primaryimage","url":"https:\/\/www.d-unas.com\/wp-content\/uploads\/2021\/09\/MG_8715-2000x1333-1-6.jpg","contentUrl":"https:\/\/www.d-unas.com\/wp-content\/uploads\/2021\/09\/MG_8715-2000x1333-1-6.jpg","width":2000,"height":1333},{"@type":"BreadcrumbList","@id":"https:\/\/www.d-unas.com\/gt\/cita-online\/#breadcrumb","itemListElement":[{"@type":"ListItem","position":1,"name":"Portada","item":"https:\/\/www.d-unas.com\/gt\/"},{"@type":"ListItem","position":2,"name":"Cita online"}]},{"@type":"WebSite","@id":"https:\/\/www.d-unas.com\/gt\/#website","url":"https:\/\/www.d-unas.com\/gt\/","name":"d-u\u00f1as nails &amp; beauty","description":"La marca original de belleza de manos &amp; pies","publisher":{"@id":"https:\/\/www.d-unas.com\/gt\/#organization"},"potentialAction":[{"@type":"SearchAction","target":{"@type":"EntryPoint","urlTemplate":"https:\/\/www.d-unas.com\/gt\/?s={search_term_string}"},"query-input":"required name=search_term_string"}],"inLanguage":"es"},{"@type":"Organization","@id":"https:\/\/www.d-unas.com\/gt\/#organization","name":"d-u\u00f1as nails & beauty","url":"https:\/\/www.d-unas.com\/gt\/","logo":{"@type":"ImageObject","inLanguage":"es","@id":"https:\/\/www.d-unas.com\/gt\/#\/schema\/logo\/image\/","url":"https:\/\/www.d-unas.com\/wp-content\/uploads\/2021\/09\/versiones-logo_3.png","contentUrl":"https:\/\/www.d-unas.com\/wp-content\/uploads\/2021\/09\/versiones-logo_3.png","width":843,"height":596,"caption":"d-u\u00f1as nails & beauty"},"image":{"@id":"https:\/\/www.d-unas.com\/gt\/#\/schema\/logo\/image\/"}}]}},"_links":{"self":[{"href":"https:\/\/www.d-unas.com\/gt\/wp-json\/wp\/v2\/pages\/8933","targetHints":{"allow":["GET"]}}],"collection":[{"href":"https:\/\/www.d-unas.com\/gt\/wp-json\/wp\/v2\/pages"}],"about":[{"href":"https:\/\/www.d-unas.com\/gt\/wp-json\/wp\/v2\/types\/page"}],"author":[{"embeddable":true,"href":"https:\/\/www.d-unas.com\/gt\/wp-json\/wp\/v2\/users\/26"}],"replies":[{"embeddable":true,"href":"https:\/\/www.d-unas.com\/gt\/wp-json\/wp\/v2\/comments?post=8933"}],"version-history":[{"count":0,"href":"https:\/\/www.d-unas.com\/gt\/wp-json\/wp\/v2\/pages\/8933\/revisions"}],"wp:featuredmedia":[{"embeddable":true,"href":"https:\/\/www.d-unas.com\/gt\/wp-json\/wp\/v2\/media\/10209"}],"wp:attachment":[{"href":"https:\/\/www.d-unas.com\/gt\/wp-json\/wp\/v2\/media?parent=8933"}],"curies":[{"name":"wp","href":"https:\/\/api.w.org\/{rel}","templated":true}]}}